{"id":4023,"date":"2022-11-25T08:47:58","date_gmt":"2022-11-25T08:47:58","guid":{"rendered":"http:\/\/www.jymachinetech.com\/?post_type=product&#038;p=4023"},"modified":"2025-10-14T02:17:26","modified_gmt":"2025-10-14T02:17:26","slug":"hard-candy-making-machine","status":"publish","type":"product","link":"https:\/\/www.machinecooperate.com\/pt_br\/product\/hard-candy-making-machine","title":{"rendered":"Hard Candy Making Machine Rental &#8211; USA Hard Candy Production Line For Rent"},"content":{"rendered":"<p>Essas linhas de doces produzem doces de alta qualidade com alta efici\u00eancia. Eles s\u00e3o amplamente automatizados, exigindo apenas alguns trabalhadores para operar a linha de produ\u00e7\u00e3o.<\/p>\n<p>Esta m\u00e1quina de doces duros \u00e9 baseada no tradicional tipo de pun\u00e7\u00e3o de pist\u00e3o. Ele pode ser projetado para produzir balas duras e pirulitos com diferentes moldes.<\/p>\n<p>Se voc\u00ea deseja produzir tanto pirulitos quanto balas duras, esta m\u00e1quina ser\u00e1 a adequada para voc\u00ea.<\/p>\n<table class=\"has-title all magic-14\" style=\"height: 91px;\" width=\"651\">\n<tbody>\n<tr>\n<td colspan=\"1\" rowspan=\"1\">\n<div class=\"magic-15\">\n<div class=\"magic-16\" data-spm-anchor-id=\"a2700.pc-decorate.0.i7.24eb3333uiVRB6\"><b data-spm-anchor-id=\"a2700.details.0.i38.3c2b226eJzqWe0\">Modelo<\/b><\/div>\n<\/div>\n<\/td>\n<td colspan=\"1\" rowspan=\"1\">\n<div class=\"magic-17\">\n<div class=\"magic-16\"><b>40<\/b><\/div>\n<\/div>\n<\/td>\n<td colspan=\"1\" rowspan=\"1\">\n<div class=\"magic-18\">\n<div class=\"magic-16\"><b>150<\/b><\/div>\n<\/div>\n<\/td>\n<td colspan=\"1\" rowspan=\"1\">\n<div class=\"magic-18\">\n<div class=\"magic-16\"><b>300<\/b><\/div>\n<\/div>\n<\/td>\n<td colspan=\"1\" rowspan=\"1\">\n<div class=\"magic-19\">\n<div class=\"magic-16\"><b>450<\/b><\/div>\n<\/div>\n<\/td>\n<td colspan=\"1\" rowspan=\"1\">\n<div class=\"magic-17\">\n<div class=\"magic-16\"><b>600<\/b><\/div>\n<\/div>\n<\/td>\n<td colspan=\"1\" rowspan=\"1\">\n<div class=\"magic-20\">\n<div class=\"magic-16\"><b>2000<\/b><\/div>\n<\/div>\n<\/td>\n<\/tr>\n<tr>\n<td colspan=\"1\" rowspan=\"1\">\n<div class=\"magic-15\">\n<div class=\"magic-16\"><b class=\"magic-21\" data-spm-anchor-id=\"a2700.pc-decorate.0.i48.682833333fvTad\">Capacity\/hour<\/b><\/div>\n<\/div>\n<\/td>\n<td colspan=\"1\" rowspan=\"1\">\n<div class=\"magic-17\">\n<div class=\"magic-16\">1500pcs<\/div>\n<\/div>\n<\/td>\n<td colspan=\"1\" rowspan=\"1\">\n<div class=\"magic-18\">\n<div class=\"magic-16\">6000pcs<\/div>\n<\/div>\n<\/td>\n<td colspan=\"1\" rowspan=\"1\">\n<div class=\"magic-18\">\n<div class=\"magic-16\">120000pcs<\/div>\n<\/div>\n<\/td>\n<td colspan=\"1\" rowspan=\"1\">\n<div class=\"magic-19\">\n<div class=\"magic-16\">180000pcs<\/div>\n<\/div>\n<\/td>\n<td colspan=\"1\" rowspan=\"1\">\n<div class=\"magic-17\">\n<div class=\"magic-16\">240000pcs<\/div>\n<\/div>\n<\/td>\n<td colspan=\"1\" rowspan=\"1\">\n<div class=\"magic-20\">\n<div class=\"magic-16\">480000pcs<\/div>\n<\/div>\n<\/td>\n<\/tr>\n<tr>\n<td colspan=\"1\" rowspan=\"1\">\n<div class=\"magic-15\">\n<div class=\"magic-16\" data-spm-anchor-id=\"a2700.pc-decorate.0.i50.682833333fvTad\"><b data-spm-anchor-id=\"a2700.pc-decorate.0.i60.682833333fvTad\">Comprimento<\/b><\/div>\n<\/div>\n<\/td>\n<td colspan=\"1\" rowspan=\"1\">\n<div class=\"magic-17\">\n<div class=\"magic-16\" data-spm-anchor-id=\"a2700.pc-decorate.0.i51.682833333fvTad\">25&#8242;<\/div>\n<\/div>\n<\/td>\n<td colspan=\"1\" rowspan=\"1\">\n<div class=\"magic-18\">\n<div class=\"magic-16\" data-spm-anchor-id=\"a2700.pc-decorate.0.i52.682833333fvTad\">32&#8242;<\/div>\n<\/div>\n<\/td>\n<td colspan=\"1\" rowspan=\"1\">\n<div class=\"magic-18\">\n<div class=\"magic-16\" data-spm-anchor-id=\"a2700.pc-decorate.0.i53.682833333fvTad\">42&#8242;<\/div>\n<\/div>\n<\/td>\n<td colspan=\"1\" rowspan=\"1\">\n<div class=\"magic-19\">\n<div class=\"magic-16\" data-spm-anchor-id=\"a2700.pc-decorate.0.i54.682833333fvTad\">60&#8242;-70&#8242;<\/div>\n<\/div>\n<\/td>\n<td colspan=\"1\" rowspan=\"1\">\n<div class=\"magic-17\">\n<div class=\"magic-16\" data-spm-anchor-id=\"a2700.pc-decorate.0.i55.682833333fvTad\">70-82&#8242;<\/div>\n<\/div>\n<\/td>\n<td colspan=\"1\" rowspan=\"1\">\n<div class=\"magic-20\">\n<div class=\"magic-16\" data-spm-anchor-id=\"a2700.pc-decorate.0.i56.682833333fvTad\">80-94&#8242;<\/div>\n<\/div>\n<\/td>\n<\/tr>\n<\/tbody>\n<\/table>\n<p><span style=\"color: #333333; font-size: 26px;\"><br \/>\nVantagens da m\u00e1quina de fazer balas duras<\/span><\/p>\n<p><img loading=\"lazy\" decoding=\"async\" class=\"alignnone wp-image-4472\" src=\"http:\/\/www.machinecooperate.com\/wp-content\/uploads\/2022\/11\/\u5fae\u4fe1\u622a\u56fe_20240718142210-300x114.jpg\" alt=\"\" width=\"482\" height=\"183\" srcset=\"https:\/\/www.machinecooperate.com\/wp-content\/uploads\/2022\/11\/\u5fae\u4fe1\u622a\u56fe_20240718142210-300x114.jpg 300w, https:\/\/www.machinecooperate.com\/wp-content\/uploads\/2022\/11\/\u5fae\u4fe1\u622a\u56fe_20240718142210-1024x390.jpg 1024w, https:\/\/www.machinecooperate.com\/wp-content\/uploads\/2022\/11\/\u5fae\u4fe1\u622a\u56fe_20240718142210-768x293.jpg 768w, https:\/\/www.machinecooperate.com\/wp-content\/uploads\/2022\/11\/\u5fae\u4fe1\u622a\u56fe_20240718142210-1080x412.jpg 1080w, https:\/\/www.machinecooperate.com\/wp-content\/uploads\/2022\/11\/\u5fae\u4fe1\u622a\u56fe_20240718142210-980x374.jpg 980w, https:\/\/www.machinecooperate.com\/wp-content\/uploads\/2022\/11\/\u5fae\u4fe1\u622a\u56fe_20240718142210-480x183.jpg 480w, https:\/\/www.machinecooperate.com\/wp-content\/uploads\/2022\/11\/\u5fae\u4fe1\u622a\u56fe_20240718142210-600x229.jpg 600w, https:\/\/www.machinecooperate.com\/wp-content\/uploads\/2022\/11\/\u5fae\u4fe1\u622a\u56fe_20240718142210.jpg 1183w\" sizes=\"(max-width: 482px) 100vw, 482px\" \/><\/p>\n<h2><strong><b>k<\/b><\/strong><strong><b>sistema de cozimento itchen<\/b><\/strong><\/h2>\n<ul>\n<li>Cozinhar e Armazenar<\/li>\n<li>Sistema de controle independente<\/li>\n<li>Configura\u00e7\u00e3o de temperatura<\/li>\n<li>Agita\u00e7\u00e3o de raspagem de a\u00e7o inoxid\u00e1vel<\/li>\n<li>Tela digital<\/li>\n<li>Janela visual<\/li>\n<li>Descarga conveniente<\/li>\n<li>Montagem r\u00e1pida e uso mais r\u00e1pido<\/li>\n<li>Revestido para aquecimento<\/li>\n<li>Estrutura de a\u00e7o inoxid\u00e1vel, lados isolados e tubos<\/li>\n<li>Sistema de automa\u00e7\u00e3o completo<\/li>\n<li>Transfer\u00eancia por bomba e tubos<\/li>\n<li>modulariza\u00e7\u00e3o para uma instala\u00e7\u00e3o r\u00e1pida<\/li>\n<\/ul>\n<h2><strong><b>C<\/b><\/strong><strong><b>fog\u00e3o de microfilme cont\u00ednuo<\/b><\/strong><\/h2>\n<ul>\n<li>Mais transpar\u00eancia e suavidade<\/li>\n<li>Menos influ\u00eancia da temperatura ambiente<\/li>\n<li>A\u00e7\u00facar redutor mais baixo e menos combust\u00e3o de cor<\/li>\n<li>Menos umidade e maior vida \u00fatil do inv\u00f3lucro de armazenamento<\/li>\n<li>Menos tempo de cozimento e melhor apar\u00eancia do cristal<\/li>\n<li>Sistema de controle de temperatura preciso para preservar a atividade dos aditivos<\/li>\n<\/ul>\n<h2><strong><b>M\u00e1quina de depositar balas duras<\/b><\/strong><\/h2>\n<ul>\n<li>Nova deposi\u00e7\u00e3o de alta precis\u00e3o com mais precis\u00e3o, menos desperd\u00edcio, maior rendimento<\/li>\n<li>A\u00e7o inoxid\u00e1vel completo e jateamento \u00e0 prova d&#039;\u00e1gua na superf\u00edcie<\/li>\n<li>Preenchimento central, camada por camada, cor dupla ou tor\u00e7\u00e3o com mais fun\u00e7\u00f5es<\/li>\n<li>Diversidade de tipos de moldes<\/li>\n<li>Sistema de desmoldagem 100%<\/li>\n<li>Pe\u00e7as el\u00e9tricas com marcas internacionais para maior vida \u00fatil<\/li>\n<li>Sinais de alerta de pe\u00e7as ocultas e prote\u00e7\u00e3o para uso seguro<\/li>\n<li>Sistema de reten\u00e7\u00e3o de temperatura de isolamento de camada dupla<\/li>\n<\/ul>\n<h2>Que tipos de balas duras voc\u00ea gostaria de produzir?<\/h2>\n<p><img loading=\"lazy\" decoding=\"async\" class=\"alignnone wp-image-4044 size-full\" src=\"http:\/\/www.machinecooperate.com\/wp-content\/uploads\/2022\/11\/Pasted-12-e1669368961829.png\" alt=\"What kinds of hard candy would you like to produce?\" width=\"999\" height=\"781\" srcset=\"https:\/\/www.machinecooperate.com\/wp-content\/uploads\/2022\/11\/Pasted-12-e1669368961829.png 999w, https:\/\/www.machinecooperate.com\/wp-content\/uploads\/2022\/11\/Pasted-12-e1669368961829-600x469.png 600w, https:\/\/www.machinecooperate.com\/wp-content\/uploads\/2022\/11\/Pasted-12-e1669368961829-300x235.png 300w, https:\/\/www.machinecooperate.com\/wp-content\/uploads\/2022\/11\/Pasted-12-e1669368961829-768x600.png 768w, https:\/\/www.machinecooperate.com\/wp-content\/uploads\/2022\/11\/Pasted-12-e1669368961829-15x12.png 15w, https:\/\/www.machinecooperate.com\/wp-content\/uploads\/2022\/11\/Pasted-12-e1669368961829-285x223.png 285w\" sizes=\"(max-width: 999px) 100vw, 999px\" \/><\/p>\n<h2>Que tipo de pacote voc\u00ea precisa?<\/h2>\n<p>Aqui est\u00e3o algumas m\u00e1quinas de embalagem de doces duros para sua refer\u00eancia.<\/p>\n<h2>M\u00e1quina de embalagem tipo travesseiro<\/h2>\n<p><img loading=\"lazy\" decoding=\"async\" class=\"alignnone wp-image-4045 size-full\" src=\"http:\/\/www.machinecooperate.com\/wp-content\/uploads\/2022\/11\/Pasted-13-e1669369085512.png\" alt=\"hard candy packaging machine\" width=\"999\" height=\"761\" srcset=\"https:\/\/www.machinecooperate.com\/wp-content\/uploads\/2022\/11\/Pasted-13-e1669369085512.png 999w, https:\/\/www.machinecooperate.com\/wp-content\/uploads\/2022\/11\/Pasted-13-e1669369085512-600x457.png 600w, https:\/\/www.machinecooperate.com\/wp-content\/uploads\/2022\/11\/Pasted-13-e1669369085512-300x229.png 300w, https:\/\/www.machinecooperate.com\/wp-content\/uploads\/2022\/11\/Pasted-13-e1669369085512-768x585.png 768w, https:\/\/www.machinecooperate.com\/wp-content\/uploads\/2022\/11\/Pasted-13-e1669369085512-16x12.png 16w, https:\/\/www.machinecooperate.com\/wp-content\/uploads\/2022\/11\/Pasted-13-e1669369085512-285x217.png 285w\" sizes=\"(max-width: 999px) 100vw, 999px\" \/><\/p>\n<h2>M\u00e1quina de embalagem de dupla tor\u00e7\u00e3o<\/h2>\n<p><img loading=\"lazy\" decoding=\"async\" class=\"alignnone wp-image-4046 size-full\" src=\"http:\/\/www.machinecooperate.com\/wp-content\/uploads\/2022\/11\/Pasted-14-e1669369219131.png\" alt=\"Double-twisted packaging machine\" width=\"999\" height=\"653\" srcset=\"https:\/\/www.machinecooperate.com\/wp-content\/uploads\/2022\/11\/Pasted-14-e1669369219131.png 999w, https:\/\/www.machinecooperate.com\/wp-content\/uploads\/2022\/11\/Pasted-14-e1669369219131-600x392.png 600w, https:\/\/www.machinecooperate.com\/wp-content\/uploads\/2022\/11\/Pasted-14-e1669369219131-300x196.png 300w, https:\/\/www.machinecooperate.com\/wp-content\/uploads\/2022\/11\/Pasted-14-e1669369219131-768x502.png 768w, https:\/\/www.machinecooperate.com\/wp-content\/uploads\/2022\/11\/Pasted-14-e1669369219131-18x12.png 18w, https:\/\/www.machinecooperate.com\/wp-content\/uploads\/2022\/11\/Pasted-14-e1669369219131-285x186.png 285w\" sizes=\"(max-width: 999px) 100vw, 999px\" \/><\/p>\n<h2>Voc\u00ea est\u00e1 preocupado com a receita do doce?<\/h2>\n<p>&nbsp;<\/p>\n<h2><b><\/b><strong><b>Mais RFQ sobre <\/b><\/strong><strong><b>m\u00e1quina de dep\u00f3sito de doces<\/b><\/strong><\/h2>\n<p>Q: Quantos tipos de doces esta m\u00e1quina pode fazer?<\/p>\n<p>R: Pode fazer balas duras e<a href=\"http:\/\/www.machinecooperate.com\/pt_br\/product\/lollipop-making-machine\/\"> pirulito doce<\/a>.<\/p>\n<p>P: Posso fazer chocolate tamb\u00e9m nesta m\u00e1quina?<\/p>\n<p>R: N\u00e3o, pois esta \u00e9 a nossa m\u00e1quina padr\u00e3o para fazer doces.<\/p>\n<p>Q: Quantas pe\u00e7as voc\u00ea pode fazer em uma hora?<\/p>\n<p>R: Pelo menos 21.600 PCs em uma hora.<\/p>\n<p>P: qual \u00e9 a capacidade da m\u00e1quina de doces que voc\u00ea precisa?<\/p>\n<p>R: Normalmente podemos fornecer uma capacidade de 40-2000kg por hora.<\/p>\n<p>P: Qual \u00e9 a forma e o tamanho dos doces que sua m\u00e1quina pode fazer?<\/p>\n<p>R: Seja qual for o doce que voc\u00ea precisa, podemos fornecer formas e tamanhos personalizados.<\/p>\n<p>P: Qual aquecimento? Aquecimento el\u00e9trico ou aquecimento a vapor?<\/p>\n<p>R: Podemos fornecer aquecimento el\u00e9trico ou aquecimento a vapor de acordo com o ambiente do cliente.<\/p>\n<h2>Por que comprar a m\u00e1quina de n\u00f3s - Fabricante<\/h2>\n<ul>\n<li><b><\/b><strong><b>F\u00e1brica real, n\u00e3o<\/b><\/strong><strong><b> uma empresa comercial<\/b><\/strong><\/li>\n<\/ul>\n<p>Vamos fazer um tour pela f\u00e1brica com voc\u00ea? Ent\u00e3o voc\u00ea vai ver.<\/p>\n<ul>\n<li><b><\/b><strong><b>Profissional<\/b><\/strong><\/li>\n<\/ul>\n<p>Nossa f\u00e1brica tem mais de 40 anos de experi\u00eancia em fabrica\u00e7\u00e3o de m\u00e1quinas, existem 12 designers de desenho e 20 engenheiros profissionais que podem oferecer suporte t\u00e9cnico a qualquer hora e em qualquer lugar.<\/p>\n<ul>\n<li><b><\/b><strong><b>Confiabilidade<\/b><\/strong><\/li>\n<\/ul>\n<p>A f\u00e1brica moderna tem mais de 200 trabalhadores. Rigoroso sistema de controle de qualidade, padr\u00e3o alem\u00e3o avan\u00e7ado e centro CNC de usinagem fornecem um processo tecnol\u00f3gico preciso para lidar com cada detalhe de cada m\u00e1quina. A equipe de engenheiros profissionais oferece o melhor plano de acordo com sua necessidade.<\/p>\n<ul>\n<li><b><\/b><strong><b>M\u00e1quinas de alta qualidade<\/b><\/strong><\/li>\n<\/ul>\n<p>Todas as m\u00e1quinas feitas em f\u00e1brica padr\u00e3o GMP<\/p>\n<p>Temos o centro CNC para manter a m\u00e1quina preciosa<\/p>\n<p>Todas as m\u00e1quinas usam SUS304 e tratamento de revestimento de superf\u00edcie com jato de areia<\/p>","protected":false},"excerpt":{"rendered":"<p>These candy lines produce high-quality candies with high efficiency. They are largely automated, requiring only a few workers to operate the production line. This hard candy machine is based on the traditional piston punch type. It can be designed to produce hard candy and lollipop candy with different molds. If you want to produce both [&hellip;]<\/p>\n","protected":false},"featured_media":4470,"template":"","meta":{"_et_pb_use_builder":"","_et_pb_old_content":"","_et_gb_content_width":""},"product_brand":[],"product_cat":[15],"product_tag":[141,142],"class_list":{"0":"post-4023","1":"product","2":"type-product","3":"status-publish","4":"has-post-thumbnail","6":"product_cat-candy-production-line-rental","7":"product_tag-hard-candy-machine","8":"product_tag-hard-candy-production-line","10":"first","11":"instock","12":"shipping-taxable","13":"product-type-simple"},"_links":{"self":[{"href":"https:\/\/www.machinecooperate.com\/pt_br\/wp-json\/wp\/v2\/product\/4023","targetHints":{"allow":["GET"]}}],"collection":[{"href":"https:\/\/www.machinecooperate.com\/pt_br\/wp-json\/wp\/v2\/product"}],"about":[{"href":"https:\/\/www.machinecooperate.com\/pt_br\/wp-json\/wp\/v2\/types\/product"}],"wp:featuredmedia":[{"embeddable":true,"href":"https:\/\/www.machinecooperate.com\/pt_br\/wp-json\/wp\/v2\/media\/4470"}],"wp:attachment":[{"href":"https:\/\/www.machinecooperate.com\/pt_br\/wp-json\/wp\/v2\/media?parent=4023"}],"wp:term":[{"taxonomy":"product_brand","embeddable":true,"href":"https:\/\/www.machinecooperate.com\/pt_br\/wp-json\/wp\/v2\/product_brand?post=4023"},{"taxonomy":"product_cat","embeddable":true,"href":"https:\/\/www.machinecooperate.com\/pt_br\/wp-json\/wp\/v2\/product_cat?post=4023"},{"taxonomy":"product_tag","embeddable":true,"href":"https:\/\/www.machinecooperate.com\/pt_br\/wp-json\/wp\/v2\/product_tag?post=4023"}],"curies":[{"name":"wp","href":"https:\/\/api.w.org\/{rel}","templated":true}]}}