{"id":1907,"date":"2022-03-09T07:15:24","date_gmt":"2022-03-09T07:15:24","guid":{"rendered":"http:\/\/www.jymachinetech.com\/?post_type=product&#038;p=1907"},"modified":"2024-05-20T09:24:29","modified_gmt":"2024-05-20T09:24:29","slug":"vertcal-automatic-wwighing-and-packaging-machine","status":"publish","type":"product","link":"https:\/\/www.machinecooperate.com\/pt_br\/product\/vertcal-automatic-wwighing-and-packaging-machine","title":{"rendered":"USA Vertical automatic weighing &#038; packaging machine Rental"},"content":{"rendered":"<p>Esta m\u00e1quina \u00e9 adequada para uso em embalagem de alta precis\u00e3o e f\u00e1cil material fr\u00e1gil, tais como: comida inchada, arroz crocante, doce de gel\u00e9ia, fatias de ma\u00e7\u00e3 pistache, bolinho de massa, chocolate, rem\u00e9dios, alimentos para animais de estima\u00e7\u00e3o, pequenos pacotes de hardware etc.<\/p>\n<p><strong>\u00a0<\/strong><\/p>\n<h2><strong>Vantagem<\/strong><\/h2>\n<ul>\n<li><strong>Sistema de controle computadorizado PLC, opera\u00e7\u00e3o mais est\u00e1vel. <\/strong><\/li>\n<li><strong>Par\u00e2metros de 10 grupos de armazenamento para produtos de substitui\u00e7\u00e3o mais f\u00e1ceis \u00a0<\/strong><\/li>\n<li><strong>Arrasto de filme de embalagem de servo motor, posicionamento preciso<\/strong><\/li>\n<li><strong>Sistemas independentes de controle de temperatura, a precis\u00e3o pode chegar a \u00b1 1 <\/strong><strong>\u2103<\/strong><\/li>\n<li><strong>Controle independente para veda\u00e7\u00e3o horizontal, veda\u00e7\u00e3o vertical pode ser uma boa aplica\u00e7\u00e3o de v\u00e1rios filmes compostos, material de embalagem de filme PE.\u00a0<\/strong><\/li>\n<li><strong>Diversifica\u00e7\u00e3o de estilo de embalagem, veda\u00e7\u00e3o traseira, Refor\u00e7o; continuar sacos, socos e assim por diante.<\/strong><\/li>\n<li><strong>Saco do produto, selagem, embalagem, impress\u00e3o de data, tudo acabado de uma s\u00f3 vez<\/strong><\/li>\n<li><strong>Combina\u00e7\u00e3o perfeita de alta precis\u00e3o e alta velocidade. <\/strong><\/li>\n<li><strong>Calculando e selecionando instantaneamente o melhor valor de v\u00e1rios valores de pondera\u00e7\u00e3o<\/strong><\/li>\n<li><strong>O sensor de pondera\u00e7\u00e3o do tipo digital de alta precis\u00e3o traz a pondera\u00e7\u00e3o instantaneamente<\/strong><\/li>\n<li><strong>Sistema de opera\u00e7\u00e3o LED chin\u00eas\/ingl\u00eas etc v\u00e1rios idiomas<\/strong><\/li>\n<li><strong>Design IP65 \u00e0 prova d&#039;\u00e1gua e poeira. Todas as pe\u00e7as s\u00e3o feitas de a\u00e7o inoxid\u00e1vel, limpas e sanit\u00e1rias. O design Full Sealed evita o ac\u00famulo de material e facilita a limpeza.<\/strong><\/li>\n<li><strong>Foi medido de acordo com as caracter\u00edsticas do material, registrando o primeiro lote do n\u00famero total de embalagens taxa de passagem e erro de saco \u00fanico desses indicadores.<\/strong><\/li>\n<li><strong>Dispositivos opcionais: tremonha de escala padr\u00e3o, tremonha definida, dispositivos de impress\u00e3o, dispositivo de classifica\u00e7\u00e3o ultra-pobre.<\/strong><\/li>\n<\/ul>\n<p><strong>\u00a0<\/strong><\/p>\n<p>Par\u00e2metro t\u00e9cnico para a m\u00e1quina principal:<\/p>\n<h2>Detalhes da m\u00e1quina:<\/h2>\n<p>&nbsp;<\/p>\n<h2><img loading=\"lazy\" decoding=\"async\" class=\"alignnone wp-image-1913\" src=\"http:\/\/www.machinecooperate.com\/wp-content\/uploads\/2022\/03\/\u56fe\u72476-300x128.png\" alt=\"\" width=\"609\" height=\"260\" srcset=\"https:\/\/www.machinecooperate.com\/wp-content\/uploads\/2022\/03\/\u56fe\u72476-300x128.png 300w, https:\/\/www.machinecooperate.com\/wp-content\/uploads\/2022\/03\/\u56fe\u72476-600x256.png 600w, https:\/\/www.machinecooperate.com\/wp-content\/uploads\/2022\/03\/\u56fe\u72476-768x327.png 768w, https:\/\/www.machinecooperate.com\/wp-content\/uploads\/2022\/03\/\u56fe\u72476-18x8.png 18w, https:\/\/www.machinecooperate.com\/wp-content\/uploads\/2022\/03\/\u56fe\u72476-660x281.png 660w, https:\/\/www.machinecooperate.com\/wp-content\/uploads\/2022\/03\/\u56fe\u72476-150x64.png 150w, https:\/\/www.machinecooperate.com\/wp-content\/uploads\/2022\/03\/\u56fe\u72476.png 826w\" sizes=\"(max-width: 609px) 100vw, 609px\" \/><\/h2>\n<p>&nbsp;<\/p>\n<h2>Alimenta\u00e7\u00e3o de produtos<\/h2>\n<table>\n<tbody>\n<tr>\n<td width=\"139\"><strong>M\u00e1x.<\/strong><strong>\u00a0<\/strong><strong>largura do rolo de filme<\/strong><\/td>\n<td width=\"228\"><strong>420 mm<\/strong><\/td>\n<td width=\"216\"><strong>520 mm<\/strong><\/td>\n<\/tr>\n<tr>\n<td width=\"139\"><strong>\u00a0<\/strong><strong>Comprimento do saco<\/strong><\/td>\n<td width=\"228\"><strong>80-300 mm (L)<\/strong><\/td>\n<td width=\"216\"><strong>80-300 mm (L)<\/strong><\/td>\n<\/tr>\n<tr>\n<td width=\"139\"><strong>Largura do saco<\/strong><\/td>\n<td width=\"228\"><strong>50-200 mm (L)<\/strong><\/td>\n<td width=\"216\"><strong>80-250<\/strong><strong>\u00a0mm(W)<\/strong><\/td>\n<\/tr>\n<tr>\n<td width=\"139\"><strong>Velocidade de embalagem<\/strong><\/td>\n<td width=\"228\"><strong>50-250bag\/min (depende do tamanho)<\/strong><\/td>\n<td width=\"216\"><strong>10-50<\/strong><strong>\u00a0saco\/min (depende do tamanho)<\/strong><\/td>\n<\/tr>\n<tr>\n<td width=\"139\"><strong>Faixa de medi\u00e7\u00e3o<\/strong><\/td>\n<td width=\"228\"><strong>150-1200ml<\/strong><\/td>\n<td width=\"216\"><strong>2000<\/strong><strong>ml <\/strong><strong>(MAX)<\/strong><\/td>\n<\/tr>\n<tr>\n<td width=\"139\"><strong>Tens\u00e3o de alimenta\u00e7\u00e3o<\/strong><\/td>\n<td width=\"228\"><strong>220V\/2,2kw<\/strong><\/td>\n<td width=\"216\"><strong>220V\/<\/strong><strong>4<\/strong><strong>kw<\/strong><\/td>\n<\/tr>\n<tr>\n<td width=\"139\"><strong>Dimens\u00e3o<\/strong><\/td>\n<td width=\"228\"><strong>(L)1320*(L)950*(A)1360mm<\/strong><\/td>\n<td width=\"216\"><strong>(L)1<\/strong><strong>75<\/strong><strong>0*(W)<\/strong><strong>11<\/strong><strong>50*(H)1<\/strong><strong>800<\/strong><strong>mil\u00edmetros<\/strong><\/td>\n<\/tr>\n<tr>\n<td width=\"139\"><strong>Peso da m\u00e1quina<\/strong><\/td>\n<td width=\"228\"><strong>540kg<\/strong><\/td>\n<td width=\"216\"><strong>800kg<\/strong><\/td>\n<\/tr>\n<\/tbody>\n<\/table>\n<p>&nbsp;<\/p>\n<p><img loading=\"lazy\" decoding=\"async\" class=\"alignnone size-medium wp-image-1914\" src=\"http:\/\/www.machinecooperate.com\/wp-content\/uploads\/2022\/03\/\u56fe\u72477-300x174.png\" alt=\"\" width=\"300\" height=\"174\" srcset=\"https:\/\/www.machinecooperate.com\/wp-content\/uploads\/2022\/03\/\u56fe\u72477-300x174.png 300w, https:\/\/www.machinecooperate.com\/wp-content\/uploads\/2022\/03\/\u56fe\u72477-600x347.png 600w, https:\/\/www.machinecooperate.com\/wp-content\/uploads\/2022\/03\/\u56fe\u72477-768x444.png 768w, https:\/\/www.machinecooperate.com\/wp-content\/uploads\/2022\/03\/\u56fe\u72477-18x10.png 18w, https:\/\/www.machinecooperate.com\/wp-content\/uploads\/2022\/03\/\u56fe\u72477-660x382.png 660w, https:\/\/www.machinecooperate.com\/wp-content\/uploads\/2022\/03\/\u56fe\u72477-150x87.png 150w, https:\/\/www.machinecooperate.com\/wp-content\/uploads\/2022\/03\/\u56fe\u72477.png 795w\" sizes=\"(max-width: 300px) 100vw, 300px\" \/><\/p>\n<h2>Sistema de pesagem de 10 cabe\u00e7as<\/h2>\n<p><img loading=\"lazy\" decoding=\"async\" class=\"alignnone size-medium wp-image-1912\" src=\"http:\/\/www.machinecooperate.com\/wp-content\/uploads\/2022\/03\/\u56fe\u72475-300x175.png\" alt=\"\" width=\"300\" height=\"175\" srcset=\"https:\/\/www.machinecooperate.com\/wp-content\/uploads\/2022\/03\/\u56fe\u72475-300x175.png 300w, https:\/\/www.machinecooperate.com\/wp-content\/uploads\/2022\/03\/\u56fe\u72475-600x350.png 600w, https:\/\/www.machinecooperate.com\/wp-content\/uploads\/2022\/03\/\u56fe\u72475-18x10.png 18w, https:\/\/www.machinecooperate.com\/wp-content\/uploads\/2022\/03\/\u56fe\u72475-660x385.png 660w, https:\/\/www.machinecooperate.com\/wp-content\/uploads\/2022\/03\/\u56fe\u72475-150x87.png 150w, https:\/\/www.machinecooperate.com\/wp-content\/uploads\/2022\/03\/\u56fe\u72475.png 763w\" sizes=\"(max-width: 300px) 100vw, 300px\" \/><\/p>\n<p>&nbsp;<\/p>\n<h2>M\u00e1quina principal<\/h2>\n<p><img loading=\"lazy\" decoding=\"async\" class=\"alignnone size-medium wp-image-1911\" src=\"http:\/\/www.machinecooperate.com\/wp-content\/uploads\/2022\/03\/\u56fe\u72474-300x235.png\" alt=\"\" width=\"300\" height=\"235\" srcset=\"https:\/\/www.machinecooperate.com\/wp-content\/uploads\/2022\/03\/\u56fe\u72474-300x235.png 300w, https:\/\/www.machinecooperate.com\/wp-content\/uploads\/2022\/03\/\u56fe\u72474-600x469.png 600w, https:\/\/www.machinecooperate.com\/wp-content\/uploads\/2022\/03\/\u56fe\u72474-768x601.png 768w, https:\/\/www.machinecooperate.com\/wp-content\/uploads\/2022\/03\/\u56fe\u72474-15x12.png 15w, https:\/\/www.machinecooperate.com\/wp-content\/uploads\/2022\/03\/\u56fe\u72474-660x516.png 660w, https:\/\/www.machinecooperate.com\/wp-content\/uploads\/2022\/03\/\u56fe\u72474-150x117.png 150w, https:\/\/www.machinecooperate.com\/wp-content\/uploads\/2022\/03\/\u56fe\u72474.png 804w\" sizes=\"(max-width: 300px) 100vw, 300px\" \/><\/p>\n<p>&nbsp;<\/p>\n<h2>Elevador tipo Z<\/h2>\n<p><img loading=\"lazy\" decoding=\"async\" class=\"alignnone size-medium wp-image-1910\" src=\"http:\/\/www.machinecooperate.com\/wp-content\/uploads\/2022\/03\/\u56fe\u72473-300x198.png\" alt=\"\" width=\"300\" height=\"198\" srcset=\"https:\/\/www.machinecooperate.com\/wp-content\/uploads\/2022\/03\/\u56fe\u72473-300x198.png 300w, https:\/\/www.machinecooperate.com\/wp-content\/uploads\/2022\/03\/\u56fe\u72473-600x395.png 600w, https:\/\/www.machinecooperate.com\/wp-content\/uploads\/2022\/03\/\u56fe\u72473-768x506.png 768w, https:\/\/www.machinecooperate.com\/wp-content\/uploads\/2022\/03\/\u56fe\u72473-18x12.png 18w, https:\/\/www.machinecooperate.com\/wp-content\/uploads\/2022\/03\/\u56fe\u72473-660x435.png 660w, https:\/\/www.machinecooperate.com\/wp-content\/uploads\/2022\/03\/\u56fe\u72473-150x99.png 150w, https:\/\/www.machinecooperate.com\/wp-content\/uploads\/2022\/03\/\u56fe\u72473.png 835w\" sizes=\"(max-width: 300px) 100vw, 300px\" \/><\/p>\n<h2>Refer\u00eancia do saco de embalagem<\/h2>\n<p>&nbsp;<\/p>\n<p><img loading=\"lazy\" decoding=\"async\" class=\"alignnone size-medium wp-image-1909\" src=\"http:\/\/www.machinecooperate.com\/wp-content\/uploads\/2022\/03\/\u56fe\u72472-300x168.png\" alt=\"\" width=\"300\" height=\"168\" srcset=\"https:\/\/www.machinecooperate.com\/wp-content\/uploads\/2022\/03\/\u56fe\u72472-300x168.png 300w, https:\/\/www.machinecooperate.com\/wp-content\/uploads\/2022\/03\/\u56fe\u72472-600x336.png 600w, https:\/\/www.machinecooperate.com\/wp-content\/uploads\/2022\/03\/\u56fe\u72472-1024x573.png 1024w, https:\/\/www.machinecooperate.com\/wp-content\/uploads\/2022\/03\/\u56fe\u72472-768x430.png 768w, https:\/\/www.machinecooperate.com\/wp-content\/uploads\/2022\/03\/\u56fe\u72472-18x10.png 18w, https:\/\/www.machinecooperate.com\/wp-content\/uploads\/2022\/03\/\u56fe\u72472-660x370.png 660w, https:\/\/www.machinecooperate.com\/wp-content\/uploads\/2022\/03\/\u56fe\u72472-150x84.png 150w, https:\/\/www.machinecooperate.com\/wp-content\/uploads\/2022\/03\/\u56fe\u72472.png 1327w\" sizes=\"(max-width: 300px) 100vw, 300px\" \/><\/p>\n<p>&nbsp;<\/p>\n<p>&nbsp;<\/p>\n\n<div class=\"wpcf7 no-js\" id=\"wpcf7-f873-o1\" lang=\"en-US\" dir=\"ltr\" data-wpcf7-id=\"873\">\n<div class=\"screen-reader-response\"><p role=\"status\" aria-live=\"polite\" aria-atomic=\"true\"><\/p> <ul><\/ul><\/div>\n<form action=\"\/pt_br\/wp-json\/wp\/v2\/product\/1907#wpcf7-f873-o1\" method=\"post\" class=\"wpcf7-form init\" aria-label=\"Contact form\" novalidate=\"novalidate\" data-status=\"init\" data-trp-original-action=\"\/pt_br\/wp-json\/wp\/v2\/product\/1907#wpcf7-f873-o1\">\n<fieldset class=\"hidden-fields-container\"><input type=\"hidden\" name=\"_wpcf7\" value=\"873\" \/><input type=\"hidden\" name=\"_wpcf7_version\" value=\"6.1.5\" \/><input type=\"hidden\" name=\"_wpcf7_locale\" value=\"en_US\" \/><input type=\"hidden\" name=\"_wpcf7_unit_tag\" value=\"wpcf7-f873-o1\" \/><input type=\"hidden\" name=\"_wpcf7_container_post\" value=\"0\" \/><input type=\"hidden\" name=\"_wpcf7_posted_data_hash\" value=\"\" \/>\n<\/fieldset>\n<p><label> Seu nome (requerido)<br \/>\n<span class=\"wpcf7-form-control-wrap\" data-name=\"your-name\"><input size=\"40\" maxlength=\"400\" class=\"wpcf7-form-control wpcf7-text wpcf7-validates-as-required\" aria-required=\"true\" aria-invalid=\"false\" value=\"\" type=\"text\" name=\"your-name\" \/><\/span> <\/label>\n<\/p>\n<p><label> Seu e-mail (obrigat\u00f3rio)<br \/>\n<span class=\"wpcf7-form-control-wrap\" data-name=\"your-email\"><input size=\"40\" maxlength=\"400\" class=\"wpcf7-form-control wpcf7-email wpcf7-validates-as-required wpcf7-text wpcf7-validates-as-email\" aria-required=\"true\" aria-invalid=\"false\" value=\"\" type=\"email\" name=\"your-email\" \/><\/span> <\/label>\n<\/p>\n<p><label> Seu telefone<br \/>\n<span class=\"wpcf7-form-control-wrap\" data-name=\"your-phone\"><input size=\"40\" maxlength=\"400\" class=\"wpcf7-form-control wpcf7-text wpcf7-validates-as-required\" aria-required=\"true\" aria-invalid=\"false\" value=\"\" type=\"text\" name=\"your-phone\" \/><\/span> <\/label>\n<\/p>\n<p><label> Sua mensagem<br \/>\n<span class=\"wpcf7-form-control-wrap\" data-name=\"your-message\"><textarea cols=\"40\" rows=\"10\" maxlength=\"2000\" class=\"wpcf7-form-control wpcf7-textarea wpcf7-validates-as-required\" aria-required=\"true\" aria-invalid=\"false\" name=\"your-message\"><\/textarea><\/span> <\/label>\n<\/p>\n<p><button class=\"wpcf7-form-control wpcf7-submit has-spinner et_pb_button et_pb_bg_layout_light\" type=\"submit\" value=\"Send\">Mandar<\/button>\n<\/p><p style=\"display: none !important;\" class=\"akismet-fields-container\" data-prefix=\"_wpcf7_ak_\"><label>&#916;<textarea name=\"_wpcf7_ak_hp_textarea\" cols=\"45\" rows=\"8\" maxlength=\"100\"><\/textarea><\/label><input type=\"hidden\" id=\"ak_js_1\" name=\"_wpcf7_ak_js\" value=\"239\"\/><script>document.getElementById( \"ak_js_1\" ).setAttribute( \"value\", ( new Date() ).getTime() );<\/script><\/p><div class=\"wpcf7-response-output\" aria-hidden=\"true\"><\/div>\n<input type=\"hidden\" name=\"trp-form-language\" value=\"pt_br\"\/><\/form>\n<\/div>\n\n<p>&nbsp;<\/p>\n<p>&nbsp;<\/p>","protected":false},"excerpt":{"rendered":"<p>This machine is suitable to use in packing the high accuracy and easy fragile material, such as: puffy food, crispy rice, jelly candy, pistachio apple slices, dumpling, chocolate, medicine, pet food, small hardware\u2019s etc. package. \u00a0 Advantage PLC computerized control system, more steady operation. Storage 10 groups parameters for easier replace products \u00a0 Servo Motor [&hellip;]<\/p>\n","protected":false},"featured_media":1908,"template":"","meta":{"_et_pb_use_builder":"","_et_pb_old_content":"","_et_gb_content_width":""},"product_brand":[],"product_cat":[15],"product_tag":[],"class_list":{"0":"post-1907","1":"product","2":"type-product","3":"status-publish","4":"has-post-thumbnail","6":"product_cat-candy-production-line-rental","8":"first","9":"instock","10":"shipping-taxable","11":"product-type-simple"},"_links":{"self":[{"href":"https:\/\/www.machinecooperate.com\/pt_br\/wp-json\/wp\/v2\/product\/1907","targetHints":{"allow":["GET"]}}],"collection":[{"href":"https:\/\/www.machinecooperate.com\/pt_br\/wp-json\/wp\/v2\/product"}],"about":[{"href":"https:\/\/www.machinecooperate.com\/pt_br\/wp-json\/wp\/v2\/types\/product"}],"wp:featuredmedia":[{"embeddable":true,"href":"https:\/\/www.machinecooperate.com\/pt_br\/wp-json\/wp\/v2\/media\/1908"}],"wp:attachment":[{"href":"https:\/\/www.machinecooperate.com\/pt_br\/wp-json\/wp\/v2\/media?parent=1907"}],"wp:term":[{"taxonomy":"product_brand","embeddable":true,"href":"https:\/\/www.machinecooperate.com\/pt_br\/wp-json\/wp\/v2\/product_brand?post=1907"},{"taxonomy":"product_cat","embeddable":true,"href":"https:\/\/www.machinecooperate.com\/pt_br\/wp-json\/wp\/v2\/product_cat?post=1907"},{"taxonomy":"product_tag","embeddable":true,"href":"https:\/\/www.machinecooperate.com\/pt_br\/wp-json\/wp\/v2\/product_tag?post=1907"}],"curies":[{"name":"wp","href":"https:\/\/api.w.org\/{rel}","templated":true}]}}