{"id":1445,"date":"2021-12-22T10:17:04","date_gmt":"2021-12-22T10:17:04","guid":{"rendered":"http:\/\/jymachinetech.com\/?post_type=product&#038;p=1445"},"modified":"2025-10-14T02:04:38","modified_gmt":"2025-10-14T02:04:38","slug":"automatic-gummy-bear-candy-making-machine","status":"publish","type":"product","link":"https:\/\/www.machinecooperate.com\/pt_br\/product\/automatic-gummy-bear-candy-making-machine","title":{"rendered":"USA Mini Fully Automatic Gummy Bear Candy Making Machine Rental"},"content":{"rendered":"<p>#1 Atacadista da linha de produ\u00e7\u00e3o de ursinho de goma \u2013 Encontre a linha de produ\u00e7\u00e3o de ursinho de goma perfeita para sua necessidade. Sem intermedi\u00e1rios - compre a linha de produ\u00e7\u00e3o de ursinhos de goma diretamente da f\u00e1brica confi\u00e1vel. Garantias da ind\u00fastria para linha de produ\u00e7\u00e3o de ursinhos de goma \u2013 suporte 24 horas por dia, 7 dias por semana \u2013 cota\u00e7\u00e3o em 5 minutos ou menos. Melhor linha de produ\u00e7\u00e3o de ursinho de goma para venda - F\u00e1brica de linha de produ\u00e7\u00e3o de ursinho de goma -OEM\/ODM com pre\u00e7os mais baixos<\/p>\n<h2><span lang=\"EN-US\">40-Mini dep\u00f3sito autom\u00e1tico de doces<\/span><\/h2>\n<ul>\n<li>Funil de ajuste temperado<\/li>\n<li>Servo dep\u00f3sito<\/li>\n<li>Controle de tamanho de dep\u00f3sito ajust\u00e1vel PLC<\/li>\n<li>24 cavidades por tiro<\/li>\n<li>pulverizador de \u00f3leo digital<\/li>\n<li>Transfer\u00eancia autom\u00e1tica para um sistema de refrigera\u00e7\u00e3o multicamada<\/li>\n<li>Desmoldagem autom\u00e1tica e transfer\u00eancia para fora<\/li>\n<li>Controle de temperatura vari\u00e1vel digital<\/li>\n<li>Pe\u00e7as de reposi\u00e7\u00e3o gratuitas para manuten\u00e7\u00e3o<\/li>\n<li>Montagem r\u00e1pida e uso mais r\u00e1pido<\/li>\n<li>A produ\u00e7\u00e3o de seguran\u00e7a de janela visual protege<\/li>\n<li>Design compacto com economia de espa\u00e7o para 13 p\u00e9s de comprimento<\/li>\n<\/ul>\n<p><img loading=\"lazy\" decoding=\"async\" class=\"alignnone wp-image-1448\" src=\"http:\/\/www.machinecooperate.com\/wp-content\/uploads\/2021\/12\/gummy-bear-machine-3.png\" alt=\"40-Mini automatic candy depositor\" width=\"573\" height=\"371\" srcset=\"https:\/\/www.machinecooperate.com\/wp-content\/uploads\/2021\/12\/gummy-bear-machine-3.png 680w, https:\/\/www.machinecooperate.com\/wp-content\/uploads\/2021\/12\/gummy-bear-machine-3-600x388.png 600w, https:\/\/www.machinecooperate.com\/wp-content\/uploads\/2021\/12\/gummy-bear-machine-3-300x194.png 300w, https:\/\/www.machinecooperate.com\/wp-content\/uploads\/2021\/12\/gummy-bear-machine-3-660x427.png 660w, https:\/\/www.machinecooperate.com\/wp-content\/uploads\/2021\/12\/gummy-bear-machine-3-150x97.png 150w\" sizes=\"(max-width: 573px) 100vw, 573px\" \/><\/p>\n<h2><span lang=\"EN-US\">FORMUL\u00c1RIOS<\/span><\/h2>\n<p><span lang=\"EN-US\">Vitaminas, Minerais, Fibra, CBD, Suplementos Energ\u00e9ticos, Medicamentos OTC, Pastas e Peda\u00e7os de Frutas 100%, Produtos com baixo teor de a\u00e7\u00facar e sem a\u00e7\u00facar<\/span><\/p>\n<p><img loading=\"lazy\" decoding=\"async\" class=\"alignnone size-full wp-image-1447\" src=\"http:\/\/www.machinecooperate.com\/wp-content\/uploads\/2021\/12\/gummy-bear-machine-2.png\" alt=\"\" width=\"998\" height=\"678\" srcset=\"https:\/\/www.machinecooperate.com\/wp-content\/uploads\/2021\/12\/gummy-bear-machine-2.png 998w, https:\/\/www.machinecooperate.com\/wp-content\/uploads\/2021\/12\/gummy-bear-machine-2-600x408.png 600w, https:\/\/www.machinecooperate.com\/wp-content\/uploads\/2021\/12\/gummy-bear-machine-2-300x204.png 300w, https:\/\/www.machinecooperate.com\/wp-content\/uploads\/2021\/12\/gummy-bear-machine-2-768x522.png 768w, https:\/\/www.machinecooperate.com\/wp-content\/uploads\/2021\/12\/gummy-bear-machine-2-660x448.png 660w, https:\/\/www.machinecooperate.com\/wp-content\/uploads\/2021\/12\/gummy-bear-machine-2-150x102.png 150w\" sizes=\"(max-width: 998px) 100vw, 998px\" \/><\/p>\n<h2><\/h2>\n<ul>\n<li><span lang=\"EN-US\">Tanque de dissolu\u00e7\u00e3o de a\u00e7\u00facar,<\/span><\/li>\n<li><span lang=\"EN-US\">Bombas de transfer\u00eancia e tanque de armazenamento <\/span><\/li>\n<li><span lang=\"EN-US\">Sistema de dosagem autom\u00e1tica\u00a0 \u00a0 \u00a0 <\/span><\/li>\n<li><span lang=\"EN-US\">Misturador din\u00e2mico em linha\u00a0 \u00a0<\/span><\/li>\n<li><span lang=\"EN-US\">Sistema Autom\u00e1tico de Pulveriza\u00e7\u00e3o de \u00d3leo<\/span><\/li>\n<li><span lang=\"EN-US\">Servo depositante<\/span><\/li>\n<li><span lang=\"EN-US\">Transportador Servo-Drive<\/span><\/li>\n<li><span lang=\"EN-US\">T\u00fanel de resfriamento<\/span><\/li>\n<li><span lang=\"EN-US\">Sistema de desmoldagem<\/span><\/li>\n<\/ul>\n<h2><b><span lang=\"EN-US\">Suporte auxiliar<\/span><\/b><\/h2>\n<ul>\n<li><span lang=\"EN-US\">Tambor de Revestimento de A\u00e7\u00facar<\/span><\/li>\n<li><span lang=\"EN-US\">Pulverizador de \u00f3leo<\/span><\/li>\n<li><span lang=\"EN-US\">Bandejas de secagem de goma<\/span><\/li>\n<\/ul>\n<p>&nbsp;<\/p>\n<h2><span lang=\"EN-US\">Deposi\u00e7\u00e3o e resfriamento (Forma\u00e7\u00e3o)<\/span><\/h2>\n<p><img loading=\"lazy\" decoding=\"async\" class=\"alignleft wp-image-4546 size-large\" src=\"http:\/\/www.machinecooperate.com\/wp-content\/uploads\/2021\/12\/gummy_\u526f\u672c-1-908x1024.jpg\" alt=\"\" width=\"908\" height=\"1024\" srcset=\"https:\/\/www.machinecooperate.com\/wp-content\/uploads\/2021\/12\/gummy_\u526f\u672c-1-908x1024.jpg 908w, https:\/\/www.machinecooperate.com\/wp-content\/uploads\/2021\/12\/gummy_\u526f\u672c-1-266x300.jpg 266w, https:\/\/www.machinecooperate.com\/wp-content\/uploads\/2021\/12\/gummy_\u526f\u672c-1-768x866.jpg 768w, https:\/\/www.machinecooperate.com\/wp-content\/uploads\/2021\/12\/gummy_\u526f\u672c-1-1362x1536.jpg 1362w, https:\/\/www.machinecooperate.com\/wp-content\/uploads\/2021\/12\/gummy_\u526f\u672c-1-1817x2048.jpg 1817w, https:\/\/www.machinecooperate.com\/wp-content\/uploads\/2021\/12\/gummy_\u526f\u672c-1-1080x1218.jpg 1080w, https:\/\/www.machinecooperate.com\/wp-content\/uploads\/2021\/12\/gummy_\u526f\u672c-1-1280x1443.jpg 1280w, https:\/\/www.machinecooperate.com\/wp-content\/uploads\/2021\/12\/gummy_\u526f\u672c-1-980x1105.jpg 980w, https:\/\/www.machinecooperate.com\/wp-content\/uploads\/2021\/12\/gummy_\u526f\u672c-1-480x541.jpg 480w, https:\/\/www.machinecooperate.com\/wp-content\/uploads\/2021\/12\/gummy_\u526f\u672c-1-600x676.jpg 600w, https:\/\/www.machinecooperate.com\/wp-content\/uploads\/2021\/12\/gummy_\u526f\u672c-1-scaled.jpg 1703w\" sizes=\"(max-width: 908px) 100vw, 908px\" \/><\/p>\n<p>&nbsp;<\/p>\n<h2><b><span lang=\"EN-US\">Dosagem de adi\u00e7\u00f5es<\/span><\/b><b>\uff08New Design <\/b><b><span lang=\"EN-US\">Sistema CFA<\/span><\/b><b>\uff09<\/b><\/h2>\n<p><img loading=\"lazy\" decoding=\"async\" class=\"alignnone wp-image-4543\" src=\"http:\/\/www.machinecooperate.com\/wp-content\/uploads\/2021\/12\/\u5fae\u4fe1\u56fe\u7247_20250527094705-300x300.jpg\" alt=\"\" width=\"339\" height=\"339\" srcset=\"https:\/\/www.machinecooperate.com\/wp-content\/uploads\/2021\/12\/\u5fae\u4fe1\u56fe\u7247_20250527094705-300x300.jpg 300w, https:\/\/www.machinecooperate.com\/wp-content\/uploads\/2021\/12\/\u5fae\u4fe1\u56fe\u7247_20250527094705-150x150.jpg 150w, https:\/\/www.machinecooperate.com\/wp-content\/uploads\/2021\/12\/\u5fae\u4fe1\u56fe\u7247_20250527094705-480x480.jpg 480w, https:\/\/www.machinecooperate.com\/wp-content\/uploads\/2021\/12\/\u5fae\u4fe1\u56fe\u7247_20250527094705-600x600.jpg 600w, https:\/\/www.machinecooperate.com\/wp-content\/uploads\/2021\/12\/\u5fae\u4fe1\u56fe\u7247_20250527094705-100x100.jpg 100w, https:\/\/www.machinecooperate.com\/wp-content\/uploads\/2021\/12\/\u5fae\u4fe1\u56fe\u7247_20250527094705.jpg 750w\" sizes=\"(max-width: 339px) 100vw, 339px\" \/><\/p>\n<p><span lang=\"EN-US\">Cores, sabores e p\u00f3 \u00e1cido (CFA) s\u00e3o adicionados diretamente ao xarope, onde um sistema semelhante \u00e9 geralmente usado para adicionar ingredientes ativos.<\/span><\/p>\n<p><span lang=\"EN-US\">O sistema b\u00e1sico de adi\u00e7\u00e3o de CFA inclui um tanque de armazenamento e uma bomba perist\u00e1ltica. Para manter os aditivos nas melhores condi\u00e7\u00f5es, o circuito de controle do medidor de vaz\u00e3o pode ser adicionado \u00e0 bomba para obter a melhor precis\u00e3o.<\/span><\/p>\n<p><span lang=\"EN-US\">Cada aditivo tem seu pr\u00f3prio sistema e \u00e9 fornecido independentemente ao dispositivo de vazamento. Eles podem ser incorporados \u00e0 calda usando um misturador em linha est\u00e1tico ou din\u00e2mico e, em seguida, o cone de mistura \u00e9 aberto. Diferentes escolhas dependem da natureza dos aditivos<\/span><\/p>\n<p>&nbsp;<\/p>\n<h2><b><span lang=\"EN-US\">Pulverizador de \u00f3leo<\/span><\/b><\/h2>\n<p><span lang=\"EN-US\">Bicos individuais em forma de cone pulverizam o \u00f3leo nas cavidades do molde, para economia de \u00f3leo e condi\u00e7\u00e3o sanit\u00e1ria.<\/span><\/p>\n<p>&nbsp;<\/p>\n<h2><span lang=\"EN-US\">Servo depositante<\/span><\/h2>\n<p><i><span lang=\"EN-US\">O controle servo \u00e9 mais preciso e silencioso, a tela sens\u00edvel ao toque ajusta o peso do produto.<\/span><\/i><\/p>\n<p>&nbsp;<\/p>\n<h2><span lang=\"EN-US\">Transportador Servo-Drive<\/span><\/h2>\n<p><span lang=\"EN-US\">Ajuste o grau de correspond\u00eancia com o dep\u00f3sito, ajuste o tempo de resfriamento<\/span><\/p>\n<p>&nbsp;<\/p>\n<h2><b><span lang=\"EN-US\">Tipo de moldes de troca r\u00e1pida<\/span><\/b><\/h2>\n<p><span lang=\"EN-US\">Nosso sistema de libera\u00e7\u00e3o r\u00e1pida com design exclusivo pode reduzir o tempo de instala\u00e7\u00e3o e desmontagem do molde, reduzir os custos de m\u00e3o de obra e melhorar a efici\u00eancia da produ\u00e7\u00e3o.<\/span><\/p>\n<p>&nbsp;<\/p>\n<h2><b><span lang=\"EN-US\">T\u00fanel de resfriamento<\/span><\/b><\/h2>\n<p><span lang=\"EN-US\">Nosso novo sistema de congelador de design exclusivo pode ajudar rapidamente o doce a esfriar e acelerar a forma\u00e7\u00e3o do doce, o que pode melhorar muito a efici\u00eancia da produ\u00e7\u00e3o. Usamos refrigerantes ecologicamente corretos, que podem atender aos altos padr\u00f5es de requisitos de prote\u00e7\u00e3o ambiental na Europa, Am\u00e9rica e outras regi\u00f5es<\/span><\/p>\n<p>&nbsp;<\/p>\n<h2><b><span lang=\"EN-US\">Sistema de desmoldagem<\/span><\/b><\/h2>\n<p>De acordo com diferentes necessidades, podemos ser equipados com m\u00e1quinas de revestimento em p\u00f3 de a\u00e7\u00facar, m\u00e1quinas de polir que podem fazer doces mostrar cores diferentes. Pode enriquecer muito a apar\u00eancia e os tipos de doces.<\/p>\n<p>&nbsp;<\/p>\n<p>O pequeno equipamento de secagem que fornecemos pode reduzir muito os custos de investimento, permitindo que voc\u00ea abra novos neg\u00f3cios com um investimento m\u00ednimo. Quando seu neg\u00f3cio de confeitaria est\u00e1 no caminho certo, voc\u00ea pode substitu\u00ed-lo imediatamente por equipamentos de produ\u00e7\u00e3o em grande escala.<\/p>\n<p>&nbsp;<\/p>\n<h2><span lang=\"EN-US\">Misturar e cozinhar<\/span><\/h2>\n<p><img loading=\"lazy\" decoding=\"async\" class=\"alignnone wp-image-1446\" src=\"http:\/\/www.machinecooperate.com\/wp-content\/uploads\/2021\/12\/gummy-bear-machine-1.jpeg\" alt=\"Mixing &amp; Cooking\" width=\"272\" height=\"294\" srcset=\"https:\/\/www.machinecooperate.com\/wp-content\/uploads\/2021\/12\/gummy-bear-machine-1.jpeg 410w, https:\/\/www.machinecooperate.com\/wp-content\/uploads\/2021\/12\/gummy-bear-machine-1-278x300.jpeg 278w, https:\/\/www.machinecooperate.com\/wp-content\/uploads\/2021\/12\/gummy-bear-machine-1-139x150.jpeg 139w\" sizes=\"(max-width: 272px) 100vw, 272px\" \/><\/p>\n<h2>Sistema de cozimento m\u00f3vel<\/h2>\n<p><img loading=\"lazy\" decoding=\"async\" class=\"alignnone size-full wp-image-1453\" src=\"http:\/\/www.machinecooperate.com\/wp-content\/uploads\/2021\/12\/gummy-bear-machine-8.jpeg\" alt=\"Mixing &amp; Cooking\" width=\"1379\" height=\"311\" srcset=\"https:\/\/www.machinecooperate.com\/wp-content\/uploads\/2021\/12\/gummy-bear-machine-8.jpeg 1379w, https:\/\/www.machinecooperate.com\/wp-content\/uploads\/2021\/12\/gummy-bear-machine-8-600x135.jpeg 600w, https:\/\/www.machinecooperate.com\/wp-content\/uploads\/2021\/12\/gummy-bear-machine-8-300x68.jpeg 300w, https:\/\/www.machinecooperate.com\/wp-content\/uploads\/2021\/12\/gummy-bear-machine-8-1024x231.jpeg 1024w, https:\/\/www.machinecooperate.com\/wp-content\/uploads\/2021\/12\/gummy-bear-machine-8-768x173.jpeg 768w, https:\/\/www.machinecooperate.com\/wp-content\/uploads\/2021\/12\/gummy-bear-machine-8-660x149.jpeg 660w, https:\/\/www.machinecooperate.com\/wp-content\/uploads\/2021\/12\/gummy-bear-machine-8-150x34.jpeg 150w\" sizes=\"(max-width: 1379px) 100vw, 1379px\" \/><\/p>\n<ul>\n<li>Fog\u00e3o de lote pequeno no carrinho\/roda<\/li>\n<li>Sistema de controle independente<\/li>\n<li>Configura\u00e7\u00e3o de temperatura<\/li>\n<li>Raspagem mexendo<\/li>\n<li>Homogeneizador<\/li>\n<li>Tela digital<\/li>\n<li>Janela visual<\/li>\n<li>Descarga conveniente<\/li>\n<li>Montagem r\u00e1pida e uso mais r\u00e1pido<\/li>\n<\/ul>\n<ul>\n<li><span lang=\"EN-US\">S<\/span>agitador de a\u00e7o inoxid\u00e1vel<\/li>\n<li>Revestido para aquecimento<\/li>\n<li>Estrutura de a\u00e7o inoxid\u00e1vel, lados isolados.<\/li>\n<li>Sistema de automa\u00e7\u00e3o completo<\/li>\n<li>Sistema de controle independente<\/li>\n<li>Transfer\u00eancia por bomba e tubos<\/li>\n<li><a class=\"keychainify-checked\">modulariza\u00e7\u00e3o<\/a> para uma instala\u00e7\u00e3o r\u00e1pida<\/li>\n<\/ul>\n<p><span lang=\"EN-US\">\u00c9 um sistema autom\u00e1tico de dissolu\u00e7\u00e3o e mistura de ingredientes para pr\u00e9-cozimento da calda de doces e solu\u00e7\u00f5es de bebidas.<\/span><br \/>\n<span lang=\"EN-US\">Misture mat\u00e9rias-primas como a\u00e7\u00facar e glicose. Adicione todas as mat\u00e9rias-primas no fog\u00e3o, o cozimento est\u00e1 completo e a calda ser\u00e1 transferida para o tanque de armazenamento atrav\u00e9s da bomba. O tanque de armazenamento adota um design multicamada, e a camada intermedi\u00e1ria pode ser preenchida com \u00e1gua quente e fria para manter a temperatura do l\u00edquido no tanque e resfriar ou armazenar diferentes tipos de pectina ou gelatina como tanque tamp\u00e3o para produ\u00e7\u00e3o cont\u00ednua.<\/span><\/p>\n<p>&nbsp;<\/p>\n<p><img loading=\"lazy\" decoding=\"async\" class=\"alignnone size-full wp-image-1454\" src=\"http:\/\/www.machinecooperate.com\/wp-content\/uploads\/2021\/12\/gummy-bear-machine-9.jpeg\" alt=\"\" width=\"1267\" height=\"845\" srcset=\"https:\/\/www.machinecooperate.com\/wp-content\/uploads\/2021\/12\/gummy-bear-machine-9.jpeg 1267w, https:\/\/www.machinecooperate.com\/wp-content\/uploads\/2021\/12\/gummy-bear-machine-9-600x400.jpeg 600w, https:\/\/www.machinecooperate.com\/wp-content\/uploads\/2021\/12\/gummy-bear-machine-9-300x200.jpeg 300w, https:\/\/www.machinecooperate.com\/wp-content\/uploads\/2021\/12\/gummy-bear-machine-9-1024x683.jpeg 1024w, https:\/\/www.machinecooperate.com\/wp-content\/uploads\/2021\/12\/gummy-bear-machine-9-768x512.jpeg 768w, https:\/\/www.machinecooperate.com\/wp-content\/uploads\/2021\/12\/gummy-bear-machine-9-660x440.jpeg 660w, https:\/\/www.machinecooperate.com\/wp-content\/uploads\/2021\/12\/gummy-bear-machine-9-150x100.jpeg 150w\" sizes=\"(max-width: 1267px) 100vw, 1267px\" \/><\/p>\n<p><span lang=\"EN-US\">\u00c0 medida que os consumidores percebem que tratar doen\u00e7as e ajustar sua dieta n\u00e3o \u00e9 necessariamente uma experi\u00eancia desagrad\u00e1vel, eles est\u00e3o usando cada vez mais produtos de confeitaria funcionais para obter os efeitos de medicamentos vendidos sem receita ou suplementos alimentares.<\/span><\/p>\n<p><span lang=\"EN-US\">Doces funcionais e medicamentosos n\u00e3o s\u00e3o incomuns, mas a precis\u00e3o e higiene das modernas t\u00e9cnicas de cozimento e deposi\u00e7\u00e3o expandiram suas potenciais aplica\u00e7\u00f5es.<\/span><\/p>\n<h2><b><span lang=\"EN-US\">Aplica\u00e7\u00f5es funcionais e medicamentosas para goma<\/span><\/b><\/h2>\n<p>Os elementos funcionais variam desde o aumento da ingest\u00e3o de nutrientes essenciais (como vitaminas, minerais, fibras e prote\u00ednas) at\u00e9 a adi\u00e7\u00e3o de suplementos ben\u00e9ficos (como \u00e1cido f\u00f3lico e \u00f4mega-3) \u00e0 dieta. O campo tamb\u00e9m se expandiu para nutri\u00e7\u00e3o esportiva, onde os doces s\u00e3o muito adequados para produtos de suplementos energ\u00e9ticos port\u00e1teis e convenientes.<\/p>\n<h2><b><span lang=\"EN-US\">Para ingredientes ativos<\/span><\/b><\/h2>\n<p><span lang=\"EN-US\">A deposi\u00e7\u00e3o pode adicionar diferentes formas de ingredientes ativos em diferentes est\u00e1gios.<\/span><\/p>\n<p><span lang=\"EN-US\">Ingredientes est\u00e1veis ao calor podem ser adicionados no in\u00edcio do processo de pesagem e mistura, enquanto aditivos l\u00edquidos de pequeno volume podem ser misturados ap\u00f3s o cozimento usando um sistema de mistura de cor\/sabor de alta precis\u00e3o. O componente viscoso pode ser preenchido como um sandu\u00edche, que pode ser encapsulado em qualquer camada externa viscosa.<\/span><\/p>\n<p><span lang=\"EN-US\">Os componentes vol\u00e1teis s\u00e3o adicionados imediatamente antes da tremonha do dispositivo de deposi\u00e7\u00e3o e seu tempo de reten\u00e7\u00e3o \u00e9 curto, o que pode minimizar a evapora\u00e7\u00e3o. Voc\u00ea tamb\u00e9m pode adicionar p\u00f3 ou outras pequenas inclus\u00f5es ao doce antes de derramar.<\/span><\/p>\n<p><span lang=\"EN-US\">A principal caracter\u00edstica do cozimento e da deposi\u00e7\u00e3o \u00e9 o cerne da produ\u00e7\u00e3o bem-sucedida de doces funcionais e medicamentosos.<\/span><\/p>\n<p><span lang=\"EN-US\">Embora o cozimento seja realizado em altas temperaturas, a adi\u00e7\u00e3o de ingredientes ativos geralmente \u00e9 retardada at\u00e9 pouco antes da deposi\u00e7\u00e3o para evitar perda ou degrada\u00e7\u00e3o. A deposi\u00e7\u00e3o \u00e9 realizada a uma temperatura mais baixa e depois resfriada rapidamente para aumentar a estabilidade da composi\u00e7\u00e3o.<\/span><\/p>\n<p><span lang=\"EN-US\">Equipamentos de dosagem e dosagem de alta precis\u00e3o garantem que a propor\u00e7\u00e3o correta de ingredientes ativos seja adicionada ao xarope cozido. Quando combinado com o controle de peso de pe\u00e7a muito preciso fornecido pela deposi\u00e7\u00e3o, o resultado \u00e9 que cada pe\u00e7a cont\u00e9m a quantidade correta de ingrediente ativo.<\/span><\/p>\n<p><span lang=\"EN-US\">A capacidade de controlar com precis\u00e3o a taxa de adi\u00e7\u00e3o \u00e9 particularmente importante para o controle de custos quando \u00e9 necess\u00e1rio sobredosar o ingrediente ativo para fornecer uma vida \u00fatil aceit\u00e1vel.<\/span><\/p>\n<p><img loading=\"lazy\" decoding=\"async\" class=\"alignnone size-medium wp-image-4482\" src=\"http:\/\/www.machinecooperate.com\/wp-content\/uploads\/2021\/12\/tray-300x300.jpg\" alt=\"\" width=\"300\" height=\"300\" \/><img loading=\"lazy\" decoding=\"async\" class=\"alignnone size-medium wp-image-4484\" src=\"http:\/\/www.machinecooperate.com\/wp-content\/uploads\/2021\/12\/2trays-300x300.jpg\" alt=\"\" width=\"300\" height=\"300\" \/><\/p>\n<h2><i><span lang=\"EN-US\">Perguntas e respostas<\/span><\/i><\/h2>\n<p><span lang=\"EN-US\">Q1: Eu n\u00e3o<\/span>&#039;<span lang=\"EN-US\">n\u00e3o tenho\u00a0<\/span><a class=\"keychainify-checked\">experi\u00eancia<\/a><span lang=\"EN-US\"> &amp; formula, can you help?<\/span><br \/>\n<span lang=\"EN-US\">-A: Yes, we are offeringa\u00a0 full scope plan from formula to product support<\/span><\/p>\n<p><span lang=\"EN-US\">Q2: Posso fazer balas duras nesta m\u00e1quina?<\/span><br \/>\n<span lang=\"EN-US\">-UMA<\/span>\uff1a <span lang=\"EN-US\">Sim, mas tamb\u00e9m caramelos, pirulitos tamb\u00e9m.<\/span><\/p>\n<p><span lang=\"EN-US\">Q3: Qual \u00e9 a tens\u00e3o da m\u00e1quina e Amp?<\/span><br \/>\n<span lang=\"EN-US\">-A: Personalizamos o equipamento de acordo com sua voltagem, e com diferentes voltagens, calcularemos a lista de amperes para voc\u00ea.<\/span><\/p>\n<p><span lang=\"EN-US\">Q4: I want to add a pharmacy inside the candies. Does your machine have a <\/span><a class=\"keychainify-checked\">certificado<\/a><span lang=\"EN-US\"> para me ajudar a cumprir os requisitos da FDA?<\/span><br \/>\n<span lang=\"EN-US\">-A: Yes,We have CE and used all brands by UL &amp; EU listed <\/span><a class=\"keychainify-checked\">dentro<\/a>\u00a0<a class=\"keychainify-checked\">rigoroso<\/a>\u00a0<a class=\"keychainify-checked\">conformidade<\/a>\u00a0<a class=\"keychainify-checked\">com<\/a><span lang=\"EN-US\">\u00a0Suporte GMP.<\/span><\/p>\n<p><span lang=\"EN-US\">Q5<\/span>\uff1a<span lang=\"EN-US\">What else do i need to prepare? Does this machine need clean compressed air?<\/span><br \/>\n<span lang=\"EN-US\">A: Considering most customers&#8217; space limitations, this machine only needs to connect the power, saving the customer money and simplifying the evolution of compressed air flow. Use a servo with simpler and smarter control; no need to connect extra systems for the machines.<\/span><\/p>\n<p><span lang=\"EN-US\">Q6: Como devo definir a temperatura e o peso dos doces?<\/span><br \/>\n<span lang=\"EN-US\">-A: By the control box and touch screen settings, to adjust.<\/span><\/p>\n<p><span lang=\"EN-US\">Q7: Preciso mover os moldes para a etapa de resfriamento?<\/span><br \/>\n<span lang=\"EN-US\">-A: No, the machine is fully automatic from the depositor and cool,you only need to collect the candy and exit the machine!<\/span><\/p>\n<p><span lang=\"EN-US\">Q8: Do I need an <\/span><a class=\"keychainify-checked\">especialista<\/a><span lang=\"EN-US\">\u00a0instalar a m\u00e1quina?<\/span><br \/>\n<span lang=\"EN-US\">-A: Machine electrical is by <\/span><a class=\"keychainify-checked\">r\u00e1pido<\/a>\u00a0<a class=\"keychainify-checked\">acoplador<\/a><span lang=\"EN-US\">\u00a0e f\u00e1cil configura\u00e7\u00e3o na tela sens\u00edvel ao toque como um telefone inteligente ou se voc\u00ea precisar temos local\u00a0<\/span><a class=\"keychainify-checked\">tecnologia<\/a><span lang=\"EN-US\">\u00a0equipe de suporte pode ajudar.<\/span><\/p>\n<p><span lang=\"EN-US\">Quanto custa a linha completa? \u00c9 caro?<\/span><br \/>\n<span lang=\"EN-US\">-A: Entre em contato conosco agora!<\/span><\/p>\n<p>We provide <a class=\"keychainify-checked\" href=\"http:\/\/www.machinecooperate.com\/pt_br\/landing\/Nutrition-gummy-bear-candy-making-machine.html\/\">M\u00e1quina de fazer doces de ursinho de goma de nutri\u00e7\u00e3o<\/a>,Se voc\u00ea estiver interessado em m\u00e1quina de fazer doces de ursinho de nutri\u00e7\u00e3o, voc\u00ea pode navegar por produtos relacionados e iniciar consultas em nosso site.<\/p>","protected":false},"excerpt":{"rendered":"<p><span lang=\"EN-US\">Esta m\u00e1quina \u00e9 adequada para clientes de pequena capacidade e espa\u00e7o limitado ou farmac\u00eauticos que desejam uma linha autom\u00e1tica para controlar a qualidade do produto e a capacidade em um melhor processamento.<\/span><\/p>","protected":false},"featured_media":4841,"template":"","meta":{"_et_pb_use_builder":"","_et_pb_old_content":"","_et_gb_content_width":""},"product_brand":[],"product_cat":[15],"product_tag":[],"class_list":{"0":"post-1445","1":"product","2":"type-product","3":"status-publish","4":"has-post-thumbnail","6":"product_cat-candy-production-line-rental","8":"first","9":"instock","10":"shipping-taxable","11":"product-type-simple"},"_links":{"self":[{"href":"https:\/\/www.machinecooperate.com\/pt_br\/wp-json\/wp\/v2\/product\/1445","targetHints":{"allow":["GET"]}}],"collection":[{"href":"https:\/\/www.machinecooperate.com\/pt_br\/wp-json\/wp\/v2\/product"}],"about":[{"href":"https:\/\/www.machinecooperate.com\/pt_br\/wp-json\/wp\/v2\/types\/product"}],"wp:featuredmedia":[{"embeddable":true,"href":"https:\/\/www.machinecooperate.com\/pt_br\/wp-json\/wp\/v2\/media\/4841"}],"wp:attachment":[{"href":"https:\/\/www.machinecooperate.com\/pt_br\/wp-json\/wp\/v2\/media?parent=1445"}],"wp:term":[{"taxonomy":"product_brand","embeddable":true,"href":"https:\/\/www.machinecooperate.com\/pt_br\/wp-json\/wp\/v2\/product_brand?post=1445"},{"taxonomy":"product_cat","embeddable":true,"href":"https:\/\/www.machinecooperate.com\/pt_br\/wp-json\/wp\/v2\/product_cat?post=1445"},{"taxonomy":"product_tag","embeddable":true,"href":"https:\/\/www.machinecooperate.com\/pt_br\/wp-json\/wp\/v2\/product_tag?post=1445"}],"curies":[{"name":"wp","href":"https:\/\/api.w.org\/{rel}","templated":true}]}}