{"id":1365,"date":"2021-12-21T09:00:07","date_gmt":"2021-12-21T09:00:07","guid":{"rendered":"http:\/\/jymachinetech.com\/?post_type=product&#038;p=1365"},"modified":"2025-10-14T02:00:55","modified_gmt":"2025-10-14T02:00:55","slug":"candy-mold","status":"publish","type":"product","link":"https:\/\/www.machinecooperate.com\/pt_br\/product\/candy-mold","title":{"rendered":"Candy mold Rental | Gummy Candy Mold For Rent"},"content":{"rendered":"<h2>3D Mold<\/h2>\n<p>Material: Teflon is coated on the surface of the metal aluminum mold, the pins are copper, and the gasket spring is made of stainless steel<\/p>\n<p><img loading=\"lazy\" decoding=\"async\" class=\"alignnone wp-image-1292\" src=\"http:\/\/www.machinecooperate.com\/wp-content\/uploads\/2021\/12\/jelly-candy-making-machine-7.png\" alt=\"3D Gummy Mold \" width=\"570\" height=\"203\" srcset=\"https:\/\/www.machinecooperate.com\/wp-content\/uploads\/2021\/12\/jelly-candy-making-machine-7.png 888w, https:\/\/www.machinecooperate.com\/wp-content\/uploads\/2021\/12\/jelly-candy-making-machine-7-600x214.png 600w, https:\/\/www.machinecooperate.com\/wp-content\/uploads\/2021\/12\/jelly-candy-making-machine-7-300x107.png 300w, https:\/\/www.machinecooperate.com\/wp-content\/uploads\/2021\/12\/jelly-candy-making-machine-7-768x274.png 768w, https:\/\/www.machinecooperate.com\/wp-content\/uploads\/2021\/12\/jelly-candy-making-machine-7-660x236.png 660w, https:\/\/www.machinecooperate.com\/wp-content\/uploads\/2021\/12\/jelly-candy-making-machine-7-150x54.png 150w\" sizes=\"(max-width: 570px) 100vw, 570px\" \/><\/p>\n<h2>Molde Goma Longo<\/h2>\n<p>Material: Teflon is coated on the surface of the metal aluminum mold, the pins are copper, and the gasket spring is made of stainless steel<\/p>\n<p><img loading=\"lazy\" decoding=\"async\" class=\"alignnone wp-image-1383\" src=\"http:\/\/www.machinecooperate.com\/wp-content\/uploads\/2021\/12\/Candy-mold-11.png\" alt=\"Long Gummy Mold\" width=\"556\" height=\"248\" srcset=\"https:\/\/www.machinecooperate.com\/wp-content\/uploads\/2021\/12\/Candy-mold-11.png 1174w, https:\/\/www.machinecooperate.com\/wp-content\/uploads\/2021\/12\/Candy-mold-11-600x268.png 600w, https:\/\/www.machinecooperate.com\/wp-content\/uploads\/2021\/12\/Candy-mold-11-300x134.png 300w, https:\/\/www.machinecooperate.com\/wp-content\/uploads\/2021\/12\/Candy-mold-11-1024x457.png 1024w, https:\/\/www.machinecooperate.com\/wp-content\/uploads\/2021\/12\/Candy-mold-11-768x343.png 768w, https:\/\/www.machinecooperate.com\/wp-content\/uploads\/2021\/12\/Candy-mold-11-660x295.png 660w, https:\/\/www.machinecooperate.com\/wp-content\/uploads\/2021\/12\/Candy-mold-11-150x67.png 150w\" sizes=\"(max-width: 556px) 100vw, 556px\" \/><\/p>\n<h2>Molde de goma de amido<\/h2>\n<p>Pode ser usado em nossa m\u00e1quina mogul de amido.<\/p>\n<p>&nbsp;<\/p>\n<p><img loading=\"lazy\" decoding=\"async\" class=\"alignnone wp-image-1384\" src=\"http:\/\/www.machinecooperate.com\/wp-content\/uploads\/2021\/12\/Candy-mold-12.png\" alt=\"\" width=\"524\" height=\"237\" srcset=\"https:\/\/www.machinecooperate.com\/wp-content\/uploads\/2021\/12\/Candy-mold-12.png 1180w, https:\/\/www.machinecooperate.com\/wp-content\/uploads\/2021\/12\/Candy-mold-12-600x272.png 600w, https:\/\/www.machinecooperate.com\/wp-content\/uploads\/2021\/12\/Candy-mold-12-300x136.png 300w, https:\/\/www.machinecooperate.com\/wp-content\/uploads\/2021\/12\/Candy-mold-12-1024x463.png 1024w, https:\/\/www.machinecooperate.com\/wp-content\/uploads\/2021\/12\/Candy-mold-12-768x348.png 768w, https:\/\/www.machinecooperate.com\/wp-content\/uploads\/2021\/12\/Candy-mold-12-660x299.png 660w, https:\/\/www.machinecooperate.com\/wp-content\/uploads\/2021\/12\/Candy-mold-12-150x68.png 150w\" sizes=\"(max-width: 524px) 100vw, 524px\" \/><\/p>\n<p>&nbsp;<\/p>\n<h2>Molde de Doce Duro<\/h2>\n<p>Pode ser usado em nossa m\u00e1quina de fazer doces duros.<\/p>\n<p>Material: Teflon is coated on the surface of the metal aluminum mold, the pins are copper, and the gasket spring is made of stainless steel<\/p>\n<p><img loading=\"lazy\" decoding=\"async\" class=\"alignnone wp-image-1385\" src=\"http:\/\/www.machinecooperate.com\/wp-content\/uploads\/2021\/12\/Candy-mold-13.png\" alt=\"Hard Candy Mold\" width=\"594\" height=\"252\" srcset=\"https:\/\/www.machinecooperate.com\/wp-content\/uploads\/2021\/12\/Candy-mold-13.png 1280w, https:\/\/www.machinecooperate.com\/wp-content\/uploads\/2021\/12\/Candy-mold-13-600x254.png 600w, https:\/\/www.machinecooperate.com\/wp-content\/uploads\/2021\/12\/Candy-mold-13-300x127.png 300w, https:\/\/www.machinecooperate.com\/wp-content\/uploads\/2021\/12\/Candy-mold-13-1024x434.png 1024w, https:\/\/www.machinecooperate.com\/wp-content\/uploads\/2021\/12\/Candy-mold-13-768x325.png 768w, https:\/\/www.machinecooperate.com\/wp-content\/uploads\/2021\/12\/Candy-mold-13-660x279.png 660w, https:\/\/www.machinecooperate.com\/wp-content\/uploads\/2021\/12\/Candy-mold-13-150x64.png 150w\" sizes=\"(max-width: 594px) 100vw, 594px\" \/><\/p>\n<p><img loading=\"lazy\" decoding=\"async\" class=\"alignnone wp-image-1386\" src=\"http:\/\/www.machinecooperate.com\/wp-content\/uploads\/2021\/12\/Candy-mold-14.png\" alt=\"Hard Candy Mold\" width=\"591\" height=\"258\" srcset=\"https:\/\/www.machinecooperate.com\/wp-content\/uploads\/2021\/12\/Candy-mold-14.png 1188w, https:\/\/www.machinecooperate.com\/wp-content\/uploads\/2021\/12\/Candy-mold-14-600x262.png 600w, https:\/\/www.machinecooperate.com\/wp-content\/uploads\/2021\/12\/Candy-mold-14-300x131.png 300w, https:\/\/www.machinecooperate.com\/wp-content\/uploads\/2021\/12\/Candy-mold-14-1024x446.png 1024w, https:\/\/www.machinecooperate.com\/wp-content\/uploads\/2021\/12\/Candy-mold-14-768x335.png 768w, https:\/\/www.machinecooperate.com\/wp-content\/uploads\/2021\/12\/Candy-mold-14-660x288.png 660w, https:\/\/www.machinecooperate.com\/wp-content\/uploads\/2021\/12\/Candy-mold-14-150x65.png 150w\" sizes=\"(max-width: 591px) 100vw, 591px\" \/><\/p>\n<h2>Molde de bombom de pirulito<\/h2>\n<p>Pode ser usado em nossa m\u00e1quina de fazer pirulito.<\/p>\n<p>Material: Teflon is coated on the surface of the metal aluminum mold, the pins are copper, and the gasket spring is made of stainless steel<\/p>\n<h2>Molde de Pirulito Plano<\/h2>\n<p><img loading=\"lazy\" decoding=\"async\" class=\"alignnone wp-image-1387\" src=\"http:\/\/www.machinecooperate.com\/wp-content\/uploads\/2021\/12\/Candy-mold-15.png\" alt=\"Flat Lollipop Mold\" width=\"596\" height=\"235\" srcset=\"https:\/\/www.machinecooperate.com\/wp-content\/uploads\/2021\/12\/Candy-mold-15.png 1264w, https:\/\/www.machinecooperate.com\/wp-content\/uploads\/2021\/12\/Candy-mold-15-600x236.png 600w, https:\/\/www.machinecooperate.com\/wp-content\/uploads\/2021\/12\/Candy-mold-15-300x118.png 300w, https:\/\/www.machinecooperate.com\/wp-content\/uploads\/2021\/12\/Candy-mold-15-1024x403.png 1024w, https:\/\/www.machinecooperate.com\/wp-content\/uploads\/2021\/12\/Candy-mold-15-768x303.png 768w, https:\/\/www.machinecooperate.com\/wp-content\/uploads\/2021\/12\/Candy-mold-15-660x260.png 660w, https:\/\/www.machinecooperate.com\/wp-content\/uploads\/2021\/12\/Candy-mold-15-150x59.png 150w\" sizes=\"(max-width: 596px) 100vw, 596px\" \/><\/p>\n<p><img loading=\"lazy\" decoding=\"async\" class=\"alignnone wp-image-1388\" src=\"http:\/\/www.machinecooperate.com\/wp-content\/uploads\/2021\/12\/Candy-mold-16.png\" alt=\"Flat Lollipop Mold\" width=\"566\" height=\"231\" srcset=\"https:\/\/www.machinecooperate.com\/wp-content\/uploads\/2021\/12\/Candy-mold-16.png 1252w, https:\/\/www.machinecooperate.com\/wp-content\/uploads\/2021\/12\/Candy-mold-16-600x244.png 600w, https:\/\/www.machinecooperate.com\/wp-content\/uploads\/2021\/12\/Candy-mold-16-300x122.png 300w, https:\/\/www.machinecooperate.com\/wp-content\/uploads\/2021\/12\/Candy-mold-16-1024x417.png 1024w, https:\/\/www.machinecooperate.com\/wp-content\/uploads\/2021\/12\/Candy-mold-16-768x313.png 768w, https:\/\/www.machinecooperate.com\/wp-content\/uploads\/2021\/12\/Candy-mold-16-660x269.png 660w, https:\/\/www.machinecooperate.com\/wp-content\/uploads\/2021\/12\/Candy-mold-16-150x61.png 150w\" sizes=\"(max-width: 566px) 100vw, 566px\" \/><\/p>\n<h2>Molde de Pirulito 3D<\/h2>\n<p>Material: Teflon is coated on the surface of the metal aluminum mold, the pins are copper, and the gasket spring is made of stainless steel<\/p>\n<p><img loading=\"lazy\" decoding=\"async\" class=\"alignnone wp-image-1389\" src=\"http:\/\/www.machinecooperate.com\/wp-content\/uploads\/2021\/12\/Candy-mold-17.png\" alt=\"3D Lollipop Mold\" width=\"553\" height=\"221\" srcset=\"https:\/\/www.machinecooperate.com\/wp-content\/uploads\/2021\/12\/Candy-mold-17.png 1328w, https:\/\/www.machinecooperate.com\/wp-content\/uploads\/2021\/12\/Candy-mold-17-600x239.png 600w, https:\/\/www.machinecooperate.com\/wp-content\/uploads\/2021\/12\/Candy-mold-17-300x120.png 300w, https:\/\/www.machinecooperate.com\/wp-content\/uploads\/2021\/12\/Candy-mold-17-1024x409.png 1024w, https:\/\/www.machinecooperate.com\/wp-content\/uploads\/2021\/12\/Candy-mold-17-768x307.png 768w, https:\/\/www.machinecooperate.com\/wp-content\/uploads\/2021\/12\/Candy-mold-17-660x263.png 660w, https:\/\/www.machinecooperate.com\/wp-content\/uploads\/2021\/12\/Candy-mold-17-150x60.png 150w\" sizes=\"(max-width: 553px) 100vw, 553px\" \/><\/p>\n<p><img loading=\"lazy\" decoding=\"async\" class=\"alignnone wp-image-1390\" src=\"http:\/\/www.machinecooperate.com\/wp-content\/uploads\/2021\/12\/Candy-mold-18.png\" alt=\"3D Lollipop Mold\" width=\"569\" height=\"229\" srcset=\"https:\/\/www.machinecooperate.com\/wp-content\/uploads\/2021\/12\/Candy-mold-18.png 1318w, https:\/\/www.machinecooperate.com\/wp-content\/uploads\/2021\/12\/Candy-mold-18-600x241.png 600w, https:\/\/www.machinecooperate.com\/wp-content\/uploads\/2021\/12\/Candy-mold-18-300x121.png 300w, https:\/\/www.machinecooperate.com\/wp-content\/uploads\/2021\/12\/Candy-mold-18-1024x412.png 1024w, https:\/\/www.machinecooperate.com\/wp-content\/uploads\/2021\/12\/Candy-mold-18-768x309.png 768w, https:\/\/www.machinecooperate.com\/wp-content\/uploads\/2021\/12\/Candy-mold-18-660x265.png 660w, https:\/\/www.machinecooperate.com\/wp-content\/uploads\/2021\/12\/Candy-mold-18-150x60.png 150w\" sizes=\"(max-width: 569px) 100vw, 569px\" \/><\/p>\n<h2>Molde de caramelo<\/h2>\n<p>Ele pode ser usado em nossa linha de dep\u00f3sito de doces de caramelo.<\/p>\n<p><img loading=\"lazy\" decoding=\"async\" class=\"alignnone wp-image-1391\" src=\"http:\/\/www.machinecooperate.com\/wp-content\/uploads\/2021\/12\/Candy-mold-19.png\" alt=\"\" width=\"542\" height=\"227\" srcset=\"https:\/\/www.machinecooperate.com\/wp-content\/uploads\/2021\/12\/Candy-mold-19.png 1242w, https:\/\/www.machinecooperate.com\/wp-content\/uploads\/2021\/12\/Candy-mold-19-600x251.png 600w, https:\/\/www.machinecooperate.com\/wp-content\/uploads\/2021\/12\/Candy-mold-19-300x126.png 300w, https:\/\/www.machinecooperate.com\/wp-content\/uploads\/2021\/12\/Candy-mold-19-1024x429.png 1024w, https:\/\/www.machinecooperate.com\/wp-content\/uploads\/2021\/12\/Candy-mold-19-768x322.png 768w, https:\/\/www.machinecooperate.com\/wp-content\/uploads\/2021\/12\/Candy-mold-19-660x276.png 660w, https:\/\/www.machinecooperate.com\/wp-content\/uploads\/2021\/12\/Candy-mold-19-150x63.png 150w\" sizes=\"(max-width: 542px) 100vw, 542px\" \/><\/p>\n<p><img loading=\"lazy\" decoding=\"async\" class=\"alignnone wp-image-1392\" src=\"http:\/\/www.machinecooperate.com\/wp-content\/uploads\/2021\/12\/Candy-mold-20.png\" alt=\"Toffee Candy Mold\" width=\"566\" height=\"259\" srcset=\"https:\/\/www.machinecooperate.com\/wp-content\/uploads\/2021\/12\/Candy-mold-20.png 1278w, https:\/\/www.machinecooperate.com\/wp-content\/uploads\/2021\/12\/Candy-mold-20-600x275.png 600w, https:\/\/www.machinecooperate.com\/wp-content\/uploads\/2021\/12\/Candy-mold-20-300x138.png 300w, https:\/\/www.machinecooperate.com\/wp-content\/uploads\/2021\/12\/Candy-mold-20-1024x470.png 1024w, https:\/\/www.machinecooperate.com\/wp-content\/uploads\/2021\/12\/Candy-mold-20-768x352.png 768w, https:\/\/www.machinecooperate.com\/wp-content\/uploads\/2021\/12\/Candy-mold-20-660x303.png 660w, https:\/\/www.machinecooperate.com\/wp-content\/uploads\/2021\/12\/Candy-mold-20-150x69.png 150w\" sizes=\"(max-width: 566px) 100vw, 566px\" \/><\/p>\n<section class=\"details\">\n<div class=\"container\">\n<div class=\"row\">\n<div class=\"tab-nav-main\">\n<div id=\"tab-content\" class=\"tab-content\">\n<div id=\"product-detail\" class=\"tab-pane fade in active\" role=\"tabpanel\">\n<div>Os moldes de doces est\u00e3o em promo\u00e7\u00e3o. N\u00f3s fornecemos molde de doces, voc\u00ea pode navegar pelos produtos relacionados e iniciar consultas em nosso site.<\/div>\n<\/div>\n<\/div>\n<\/div>\n<\/div>\n<\/div>\n<\/section>\n<section class=\"relatedpro\">\n<div class=\"container\">\n<div class=\"row\">\n<div class=\"col-xs-12\"><\/div>\n<\/div>\n<\/div>\n<\/section>","protected":false},"excerpt":{"rendered":"<div class=\"content-style\">\n<p>Seja qual for o doce que voc\u00ea gostaria de fazer, podemos fornecer os v\u00e1rios tipos de moldes de doces para sua op\u00e7\u00e3o.<\/p>\n<ul>\n<li>Forma e peso personalizados<\/li>\n<li>Alum\u00ednio com revestimento de teflon\/sil\u00edcio feito<\/li>\n<li>Tamanho do molde: 380x75mm<\/li>\n<li>moldes 2D ou 3D est\u00e3o dispon\u00edveis<\/li>\n<\/ul>\n<\/div>","protected":false},"featured_media":4837,"template":"","meta":{"_et_pb_use_builder":"","_et_pb_old_content":"","_et_gb_content_width":""},"product_brand":[],"product_cat":[15],"product_tag":[],"class_list":{"0":"post-1365","1":"product","2":"type-product","3":"status-publish","4":"has-post-thumbnail","6":"product_cat-candy-production-line-rental","8":"first","9":"instock","10":"shipping-taxable","11":"product-type-simple"},"_links":{"self":[{"href":"https:\/\/www.machinecooperate.com\/pt_br\/wp-json\/wp\/v2\/product\/1365","targetHints":{"allow":["GET"]}}],"collection":[{"href":"https:\/\/www.machinecooperate.com\/pt_br\/wp-json\/wp\/v2\/product"}],"about":[{"href":"https:\/\/www.machinecooperate.com\/pt_br\/wp-json\/wp\/v2\/types\/product"}],"wp:featuredmedia":[{"embeddable":true,"href":"https:\/\/www.machinecooperate.com\/pt_br\/wp-json\/wp\/v2\/media\/4837"}],"wp:attachment":[{"href":"https:\/\/www.machinecooperate.com\/pt_br\/wp-json\/wp\/v2\/media?parent=1365"}],"wp:term":[{"taxonomy":"product_brand","embeddable":true,"href":"https:\/\/www.machinecooperate.com\/pt_br\/wp-json\/wp\/v2\/product_brand?post=1365"},{"taxonomy":"product_cat","embeddable":true,"href":"https:\/\/www.machinecooperate.com\/pt_br\/wp-json\/wp\/v2\/product_cat?post=1365"},{"taxonomy":"product_tag","embeddable":true,"href":"https:\/\/www.machinecooperate.com\/pt_br\/wp-json\/wp\/v2\/product_tag?post=1365"}],"curies":[{"name":"wp","href":"https:\/\/api.w.org\/{rel}","templated":true}]}}