{"id":4023,"date":"2022-11-25T08:47:58","date_gmt":"2022-11-25T08:47:58","guid":{"rendered":"http:\/\/www.jymachinetech.com\/?post_type=product&#038;p=4023"},"modified":"2025-10-14T02:17:26","modified_gmt":"2025-10-14T02:17:26","slug":"hard-candy-making-machine","status":"publish","type":"product","link":"https:\/\/www.machinecooperate.com\/es\/product\/hard-candy-making-machine","title":{"rendered":"Hard Candy Making Machine Rental &#8211; USA Hard Candy Production Line For Rent"},"content":{"rendered":"<p>Estas l\u00edneas de dulces producen dulces de alta calidad con alta eficiencia. Est\u00e1n en gran parte automatizados y requieren solo unos pocos trabajadores para operar la l\u00ednea de producci\u00f3n.<\/p>\n<p>Esta m\u00e1quina de caramelos duros se basa en el tipo tradicional de punz\u00f3n de pist\u00f3n. Puede dise\u00f1arse para producir caramelos duros y caramelos de piruleta con diferentes moldes.<\/p>\n<p>Si desea producir tanto piruletas como caramelos duros, esta m\u00e1quina ser\u00e1 la adecuada para usted.<\/p>\n<table class=\"has-title all magic-14\" style=\"height: 91px;\" width=\"651\">\n<tbody>\n<tr>\n<td colspan=\"1\" rowspan=\"1\">\n<div class=\"magic-15\">\n<div class=\"magic-16\" data-spm-anchor-id=\"a2700.pc-decorate.0.i7.24eb3333uiVRB6\"><b data-spm-anchor-id=\"a2700.details.0.i38.3c2b226eJzqWe0\">Modelo<\/b><\/div>\n<\/div>\n<\/td>\n<td colspan=\"1\" rowspan=\"1\">\n<div class=\"magic-17\">\n<div class=\"magic-16\"><b>40<\/b><\/div>\n<\/div>\n<\/td>\n<td colspan=\"1\" rowspan=\"1\">\n<div class=\"magic-18\">\n<div class=\"magic-16\"><b>150<\/b><\/div>\n<\/div>\n<\/td>\n<td colspan=\"1\" rowspan=\"1\">\n<div class=\"magic-18\">\n<div class=\"magic-16\"><b>300<\/b><\/div>\n<\/div>\n<\/td>\n<td colspan=\"1\" rowspan=\"1\">\n<div class=\"magic-19\">\n<div class=\"magic-16\"><b>450<\/b><\/div>\n<\/div>\n<\/td>\n<td colspan=\"1\" rowspan=\"1\">\n<div class=\"magic-17\">\n<div class=\"magic-16\"><b>600<\/b><\/div>\n<\/div>\n<\/td>\n<td colspan=\"1\" rowspan=\"1\">\n<div class=\"magic-20\">\n<div class=\"magic-16\"><b>2000<\/b><\/div>\n<\/div>\n<\/td>\n<\/tr>\n<tr>\n<td colspan=\"1\" rowspan=\"1\">\n<div class=\"magic-15\">\n<div class=\"magic-16\"><b class=\"magic-21\" data-spm-anchor-id=\"a2700.pc-decorate.0.i48.682833333fvTad\">Capacity\/hour<\/b><\/div>\n<\/div>\n<\/td>\n<td colspan=\"1\" rowspan=\"1\">\n<div class=\"magic-17\">\n<div class=\"magic-16\">1500pcs<\/div>\n<\/div>\n<\/td>\n<td colspan=\"1\" rowspan=\"1\">\n<div class=\"magic-18\">\n<div class=\"magic-16\">6000pcs<\/div>\n<\/div>\n<\/td>\n<td colspan=\"1\" rowspan=\"1\">\n<div class=\"magic-18\">\n<div class=\"magic-16\">120000pcs<\/div>\n<\/div>\n<\/td>\n<td colspan=\"1\" rowspan=\"1\">\n<div class=\"magic-19\">\n<div class=\"magic-16\">180000pcs<\/div>\n<\/div>\n<\/td>\n<td colspan=\"1\" rowspan=\"1\">\n<div class=\"magic-17\">\n<div class=\"magic-16\">240000pcs<\/div>\n<\/div>\n<\/td>\n<td colspan=\"1\" rowspan=\"1\">\n<div class=\"magic-20\">\n<div class=\"magic-16\">480000pcs<\/div>\n<\/div>\n<\/td>\n<\/tr>\n<tr>\n<td colspan=\"1\" rowspan=\"1\">\n<div class=\"magic-15\">\n<div class=\"magic-16\" data-spm-anchor-id=\"a2700.pc-decorate.0.i50.682833333fvTad\"><b data-spm-anchor-id=\"a2700.pc-decorate.0.i60.682833333fvTad\">Longitud<\/b><\/div>\n<\/div>\n<\/td>\n<td colspan=\"1\" rowspan=\"1\">\n<div class=\"magic-17\">\n<div class=\"magic-16\" data-spm-anchor-id=\"a2700.pc-decorate.0.i51.682833333fvTad\">25&#8242;<\/div>\n<\/div>\n<\/td>\n<td colspan=\"1\" rowspan=\"1\">\n<div class=\"magic-18\">\n<div class=\"magic-16\" data-spm-anchor-id=\"a2700.pc-decorate.0.i52.682833333fvTad\">32&#8242;<\/div>\n<\/div>\n<\/td>\n<td colspan=\"1\" rowspan=\"1\">\n<div class=\"magic-18\">\n<div class=\"magic-16\" data-spm-anchor-id=\"a2700.pc-decorate.0.i53.682833333fvTad\">42&#8242;<\/div>\n<\/div>\n<\/td>\n<td colspan=\"1\" rowspan=\"1\">\n<div class=\"magic-19\">\n<div class=\"magic-16\" data-spm-anchor-id=\"a2700.pc-decorate.0.i54.682833333fvTad\">60&#8242;-70&#8242;<\/div>\n<\/div>\n<\/td>\n<td colspan=\"1\" rowspan=\"1\">\n<div class=\"magic-17\">\n<div class=\"magic-16\" data-spm-anchor-id=\"a2700.pc-decorate.0.i55.682833333fvTad\">70-82&#8242;<\/div>\n<\/div>\n<\/td>\n<td colspan=\"1\" rowspan=\"1\">\n<div class=\"magic-20\">\n<div class=\"magic-16\" data-spm-anchor-id=\"a2700.pc-decorate.0.i56.682833333fvTad\">80-94&#8242;<\/div>\n<\/div>\n<\/td>\n<\/tr>\n<\/tbody>\n<\/table>\n<p><span style=\"color: #333333; font-size: 26px;\"><br \/>\nVentajas de la m\u00e1quina para hacer caramelos duros<\/span><\/p>\n<p><img loading=\"lazy\" decoding=\"async\" class=\"alignnone wp-image-4472\" src=\"http:\/\/www.machinecooperate.com\/wp-content\/uploads\/2022\/11\/\u5fae\u4fe1\u622a\u56fe_20240718142210-300x114.jpg\" alt=\"\" width=\"482\" height=\"183\" srcset=\"https:\/\/www.machinecooperate.com\/wp-content\/uploads\/2022\/11\/\u5fae\u4fe1\u622a\u56fe_20240718142210-300x114.jpg 300w, https:\/\/www.machinecooperate.com\/wp-content\/uploads\/2022\/11\/\u5fae\u4fe1\u622a\u56fe_20240718142210-1024x390.jpg 1024w, https:\/\/www.machinecooperate.com\/wp-content\/uploads\/2022\/11\/\u5fae\u4fe1\u622a\u56fe_20240718142210-768x293.jpg 768w, https:\/\/www.machinecooperate.com\/wp-content\/uploads\/2022\/11\/\u5fae\u4fe1\u622a\u56fe_20240718142210-1080x412.jpg 1080w, https:\/\/www.machinecooperate.com\/wp-content\/uploads\/2022\/11\/\u5fae\u4fe1\u622a\u56fe_20240718142210-980x374.jpg 980w, https:\/\/www.machinecooperate.com\/wp-content\/uploads\/2022\/11\/\u5fae\u4fe1\u622a\u56fe_20240718142210-480x183.jpg 480w, https:\/\/www.machinecooperate.com\/wp-content\/uploads\/2022\/11\/\u5fae\u4fe1\u622a\u56fe_20240718142210-600x229.jpg 600w, https:\/\/www.machinecooperate.com\/wp-content\/uploads\/2022\/11\/\u5fae\u4fe1\u622a\u56fe_20240718142210.jpg 1183w\" sizes=\"(max-width: 482px) 100vw, 482px\" \/><\/p>\n<h2><strong><b>k<\/b><\/strong><strong><b>sistema de cocci\u00f3n itchen<\/b><\/strong><\/h2>\n<ul>\n<li>Cocinar y almacenar<\/li>\n<li>Sistema de control independiente<\/li>\n<li>Ajuste de temperatura<\/li>\n<li>Agitaci\u00f3n de raspado de acero inoxidable<\/li>\n<li>Pantalla digital<\/li>\n<li>Ventana visual<\/li>\n<li>Descarga conveniente<\/li>\n<li>Montaje r\u00e1pido y uso m\u00e1s r\u00e1pido<\/li>\n<li>Encamisado para calefacci\u00f3n<\/li>\n<li>Armaz\u00f3n de acero inoxidable, lados aislados y tuber\u00edas<\/li>\n<li>Sistema de automatizaci\u00f3n completo<\/li>\n<li>Transferencia por bomba y tuber\u00edas<\/li>\n<li>modularizaci\u00f3n para una instalaci\u00f3n r\u00e1pida<\/li>\n<\/ul>\n<h2><strong><b>C<\/b><\/strong><strong><b>cocedor continuo de micropel\u00edculas<\/b><\/strong><\/h2>\n<ul>\n<li>M\u00e1s transparencia y suavidad<\/li>\n<li>Menor influencia de la temperatura ambiente<\/li>\n<li>Menos az\u00facar reductor y menos combusti\u00f3n de color.<\/li>\n<li>Menos humedad y mayor vida \u00fatil de la carcasa de almacenamiento<\/li>\n<li>Menos tiempo de cocci\u00f3n y mejor apariencia de cristal.<\/li>\n<li>Sistema de control de temperatura preciso para preservar la actividad de los aditivos<\/li>\n<\/ul>\n<h2><strong><b>M\u00e1quina depositadora de caramelos duros<\/b><\/strong><\/h2>\n<ul>\n<li>Nueva deposici\u00f3n de alta precisi\u00f3n con m\u00e1s precisi\u00f3n, menos residuos, mayor rendimiento<\/li>\n<li>Acero inoxidable completo y pulido con chorro de arena a prueba de agua en la superficie<\/li>\n<li>Relleno de centro, capa a capa, doble color o twist con m\u00e1s funciones<\/li>\n<li>Diversidad de los tipos de molde<\/li>\n<li>Sistema de desmoldeo 100%<\/li>\n<li>Piezas el\u00e9ctricas con marcas internacionales para una mayor vida \u00fatil<\/li>\n<li>Se\u00f1ales de advertencia de partes ocultas y protecci\u00f3n para un uso seguro<\/li>\n<li>Sistema de retenci\u00f3n de temperatura de aislamiento de doble capa<\/li>\n<\/ul>\n<h2>\u00bfQu\u00e9 tipo de caramelo duro le gustar\u00eda producir?<\/h2>\n<p><img loading=\"lazy\" decoding=\"async\" class=\"alignnone wp-image-4044 size-full\" src=\"http:\/\/www.machinecooperate.com\/wp-content\/uploads\/2022\/11\/Pasted-12-e1669368961829.png\" alt=\"What kinds of hard candy would you like to produce?\" width=\"999\" height=\"781\" srcset=\"https:\/\/www.machinecooperate.com\/wp-content\/uploads\/2022\/11\/Pasted-12-e1669368961829.png 999w, https:\/\/www.machinecooperate.com\/wp-content\/uploads\/2022\/11\/Pasted-12-e1669368961829-600x469.png 600w, https:\/\/www.machinecooperate.com\/wp-content\/uploads\/2022\/11\/Pasted-12-e1669368961829-300x235.png 300w, https:\/\/www.machinecooperate.com\/wp-content\/uploads\/2022\/11\/Pasted-12-e1669368961829-768x600.png 768w, https:\/\/www.machinecooperate.com\/wp-content\/uploads\/2022\/11\/Pasted-12-e1669368961829-15x12.png 15w, https:\/\/www.machinecooperate.com\/wp-content\/uploads\/2022\/11\/Pasted-12-e1669368961829-285x223.png 285w\" sizes=\"(max-width: 999px) 100vw, 999px\" \/><\/p>\n<h2>\u00bfQu\u00e9 tipo de paquete necesitas?<\/h2>\n<p>Aqu\u00ed hay algunas m\u00e1quinas empacadoras de caramelos duros para su referencia.<\/p>\n<h2>M\u00e1quina de embalaje tipo almohada<\/h2>\n<p><img loading=\"lazy\" decoding=\"async\" class=\"alignnone wp-image-4045 size-full\" src=\"http:\/\/www.machinecooperate.com\/wp-content\/uploads\/2022\/11\/Pasted-13-e1669369085512.png\" alt=\"hard candy packaging machine\" width=\"999\" height=\"761\" srcset=\"https:\/\/www.machinecooperate.com\/wp-content\/uploads\/2022\/11\/Pasted-13-e1669369085512.png 999w, https:\/\/www.machinecooperate.com\/wp-content\/uploads\/2022\/11\/Pasted-13-e1669369085512-600x457.png 600w, https:\/\/www.machinecooperate.com\/wp-content\/uploads\/2022\/11\/Pasted-13-e1669369085512-300x229.png 300w, https:\/\/www.machinecooperate.com\/wp-content\/uploads\/2022\/11\/Pasted-13-e1669369085512-768x585.png 768w, https:\/\/www.machinecooperate.com\/wp-content\/uploads\/2022\/11\/Pasted-13-e1669369085512-16x12.png 16w, https:\/\/www.machinecooperate.com\/wp-content\/uploads\/2022\/11\/Pasted-13-e1669369085512-285x217.png 285w\" sizes=\"(max-width: 999px) 100vw, 999px\" \/><\/p>\n<h2>M\u00e1quina de embalaje de doble torsi\u00f3n<\/h2>\n<p><img loading=\"lazy\" decoding=\"async\" class=\"alignnone wp-image-4046 size-full\" src=\"http:\/\/www.machinecooperate.com\/wp-content\/uploads\/2022\/11\/Pasted-14-e1669369219131.png\" alt=\"Double-twisted packaging machine\" width=\"999\" height=\"653\" srcset=\"https:\/\/www.machinecooperate.com\/wp-content\/uploads\/2022\/11\/Pasted-14-e1669369219131.png 999w, https:\/\/www.machinecooperate.com\/wp-content\/uploads\/2022\/11\/Pasted-14-e1669369219131-600x392.png 600w, https:\/\/www.machinecooperate.com\/wp-content\/uploads\/2022\/11\/Pasted-14-e1669369219131-300x196.png 300w, https:\/\/www.machinecooperate.com\/wp-content\/uploads\/2022\/11\/Pasted-14-e1669369219131-768x502.png 768w, https:\/\/www.machinecooperate.com\/wp-content\/uploads\/2022\/11\/Pasted-14-e1669369219131-18x12.png 18w, https:\/\/www.machinecooperate.com\/wp-content\/uploads\/2022\/11\/Pasted-14-e1669369219131-285x186.png 285w\" sizes=\"(max-width: 999px) 100vw, 999px\" \/><\/p>\n<h2>\u00bfEst\u00e1s preocupado por la receta de dulces?<\/h2>\n<p>&nbsp;<\/p>\n<h2><b><\/b><strong><b>M\u00e1s RFQ sobre <\/b><\/strong><strong><b>m\u00e1quina depositadora de caramelos<\/b><\/strong><\/h2>\n<p>P: \u00bfCu\u00e1ntos tipos de dulces puede hacer esta m\u00e1quina?<\/p>\n<p>R: Puede hacer caramelos duros y<a href=\"http:\/\/www.machinecooperate.com\/es\/product\/lollipop-making-machine\/\"> piruleta de caramelo<\/a>.<\/p>\n<p>P: \u00bfPuedo hacer chocolate tambi\u00e9n en esta m\u00e1quina?<\/p>\n<p>R: No, ya que esta es nuestra m\u00e1quina est\u00e1ndar para hacer dulces.<\/p>\n<p>P: \u00bfCu\u00e1ntas piezas puedes hacer en una hora?<\/p>\n<p>R: Al menos 21600 PC en una hora.<\/p>\n<p>P: \u00bfCu\u00e1l es la capacidad de la m\u00e1quina de dulces que necesita?<\/p>\n<p>R: Normalmente podemos proporcionar una capacidad de 40-2000 kg por hora.<\/p>\n<p>P: \u00bfCu\u00e1l es la forma y el tama\u00f1o de los dulces que puede hacer su m\u00e1quina?<\/p>\n<p>R: Independientemente de los dulces que necesite, podemos proporcionarle formas y tama\u00f1os personalizados.<\/p>\n<p>P: \u00bfQu\u00e9 calefacci\u00f3n? \u00bfCalefacci\u00f3n el\u00e9ctrica o calefacci\u00f3n a vapor?<\/p>\n<p>R: Podemos proporcionar calefacci\u00f3n el\u00e9ctrica o calefacci\u00f3n a vapor seg\u00fan el entorno del cliente.<\/p>\n<h2>Por qu\u00e9 comprarnos una m\u00e1quina: fabricante<\/h2>\n<ul>\n<li><b><\/b><strong><b>f\u00e1brica real, no<\/b><\/strong><strong><b> una empresa comercial<\/b><\/strong><\/li>\n<\/ul>\n<p>\u00bfHacemos un recorrido por la f\u00e1brica con usted? Entonces ver\u00e1s.<\/p>\n<ul>\n<li><b><\/b><strong><b>Profesional<\/b><\/strong><\/li>\n<\/ul>\n<p>Nuestra f\u00e1brica tiene m\u00e1s de 40 a\u00f1os de experiencia en la fabricaci\u00f3n de m\u00e1quinas, hay 12 dise\u00f1adores de dibujos y 20 ingenieros profesionales que pueden ofrecerle soporte t\u00e9cnico en cualquier momento y en cualquier lugar.<\/p>\n<ul>\n<li><b><\/b><strong><b>Fiabilidad<\/b><\/strong><\/li>\n<\/ul>\n<p>La f\u00e1brica moderna tiene m\u00e1s de 200 trabajadores. El estricto sistema de control de calidad, el est\u00e1ndar avanzado de Alemania y el centro de mecanizado CNC brindan un proceso tecnol\u00f3gico preciso para manejar cada detalle de cada m\u00e1quina. El equipo de ingenieros profesionales le ofrece el mejor plan seg\u00fan sus necesidades.<\/p>\n<ul>\n<li><b><\/b><strong><b>M\u00e1quinas de alta calidad<\/b><\/strong><\/li>\n<\/ul>\n<p>Toda la m\u00e1quina hecha en f\u00e1brica est\u00e1ndar GMP<\/p>\n<p>Tenemos el centro CNC para mantener la m\u00e1quina preciosa.<\/p>\n<p>Todas las m\u00e1quinas utilizan SUS304 y tratamiento de revestimiento de superficies con chorro de arena<\/p>","protected":false},"excerpt":{"rendered":"<p>These candy lines produce high-quality candies with high efficiency. They are largely automated, requiring only a few workers to operate the production line. This hard candy machine is based on the traditional piston punch type. It can be designed to produce hard candy and lollipop candy with different molds. If you want to produce both [&hellip;]<\/p>\n","protected":false},"featured_media":4470,"template":"","meta":{"_et_pb_use_builder":"","_et_pb_old_content":"","_et_gb_content_width":""},"product_brand":[],"product_cat":[15],"product_tag":[141,142],"class_list":{"0":"post-4023","1":"product","2":"type-product","3":"status-publish","4":"has-post-thumbnail","6":"product_cat-candy-production-line-rental","7":"product_tag-hard-candy-machine","8":"product_tag-hard-candy-production-line","10":"first","11":"instock","12":"shipping-taxable","13":"product-type-simple"},"_links":{"self":[{"href":"https:\/\/www.machinecooperate.com\/es\/wp-json\/wp\/v2\/product\/4023","targetHints":{"allow":["GET"]}}],"collection":[{"href":"https:\/\/www.machinecooperate.com\/es\/wp-json\/wp\/v2\/product"}],"about":[{"href":"https:\/\/www.machinecooperate.com\/es\/wp-json\/wp\/v2\/types\/product"}],"wp:featuredmedia":[{"embeddable":true,"href":"https:\/\/www.machinecooperate.com\/es\/wp-json\/wp\/v2\/media\/4470"}],"wp:attachment":[{"href":"https:\/\/www.machinecooperate.com\/es\/wp-json\/wp\/v2\/media?parent=4023"}],"wp:term":[{"taxonomy":"product_brand","embeddable":true,"href":"https:\/\/www.machinecooperate.com\/es\/wp-json\/wp\/v2\/product_brand?post=4023"},{"taxonomy":"product_cat","embeddable":true,"href":"https:\/\/www.machinecooperate.com\/es\/wp-json\/wp\/v2\/product_cat?post=4023"},{"taxonomy":"product_tag","embeddable":true,"href":"https:\/\/www.machinecooperate.com\/es\/wp-json\/wp\/v2\/product_tag?post=4023"}],"curies":[{"name":"wp","href":"https:\/\/api.w.org\/{rel}","templated":true}]}}