{"id":1554,"date":"2021-12-26T08:23:23","date_gmt":"2021-12-26T08:23:23","guid":{"rendered":"http:\/\/jymachinetech.com\/?post_type=product&#038;p=1554"},"modified":"2024-05-20T09:24:34","modified_gmt":"2024-05-20T09:24:34","slug":"pillow-type-biscuit-packaging-machine","status":"publish","type":"product","link":"https:\/\/www.machinecooperate.com\/es\/product\/pillow-type-biscuit-packaging-machine","title":{"rendered":"USA Pillow Type Biscuit Packaging Machine For Rent"},"content":{"rendered":"<p>Esta m\u00e1quina est\u00e1 dise\u00f1ada para el envasado de almohadas de materia s\u00f3lida; es propicio para todo tipo de materia s\u00f3lida bien regulada, como el bizcocho, las galletas, el pan, el pastel de luna, los dulces, etc., y la mercanc\u00eda, accesorio de la industria, etc. Para el bulto o separaci\u00f3n de objetos individuales se debe colocar en el caja primero, o \u00e1telos, h\u00e1galos entrar en un todo, y luego se puede empaquetar en esta m\u00e1quina, al igual que el otro paquete no s\u00f3lido.<\/p>\n<ul>\n<li>control de doble frecuencia;<\/li>\n<li>longitud de la bolsa flexible;<\/li>\n<li>Ahorro de tiempo y pel\u00edculas.<\/li>\n<li>Operaci\u00f3n f\u00e1cil<\/li>\n<li>Control PID separado a la temperatura<\/li>\n<li>Alta sensibilidad y seguimiento \u00f3ptico de marcas<\/li>\n<li>Sistema de conducci\u00f3n sencillo<\/li>\n<li>Funci\u00f3n de falla de autodiagn\u00f3stico<\/li>\n<\/ul>\n<div class=\"table-responsive\">\n<table style=\"width: 100%;\">\n<tbody>\n<tr>\n<td>Modelo<\/td>\n<td>JY-280<\/td>\n<td>JY-380<\/td>\n<td>JY-480<\/td>\n<td>JY-580<\/td>\n<\/tr>\n<tr>\n<td>Ancho de pel\u00edcula<\/td>\n<td>M\u00e1x.: 250 mm<\/td>\n<td>M\u00e1x.: 350 mm<\/td>\n<td>M\u00e1x.: 450 mm<\/td>\n<td>M\u00e1x.: 550 mm<\/td>\n<\/tr>\n<tr>\n<td>ancho de la bolsa<\/td>\n<td>30-110 mm<\/td>\n<td>50-160 mm<\/td>\n<td>60-200 mm<\/td>\n<td>60-260 mm<\/td>\n<\/tr>\n<tr>\n<td>altura del producto<\/td>\n<td>M\u00e1x. 40 mm<\/td>\n<td>M\u00e1x. 40 mm<\/td>\n<td>M\u00e1x. 80 mm<\/td>\n<td>M\u00e1x.: 80 mm<\/td>\n<\/tr>\n<tr>\n<td>di\u00e1metro del rollo de pel\u00edcula<\/td>\n<td>M\u00e1x. 320 mm<\/td>\n<td>M\u00e1x. 320 mm<\/td>\n<td>M\u00e1x. 320 mm<\/td>\n<td>M\u00e1x.: 320 mm<\/td>\n<\/tr>\n<tr>\n<td>velocidad de embalaje<\/td>\n<td>40-230 bolsas\/minuto<\/td>\n<td>40-230 bolsas\/minuto<\/td>\n<td>30-180 bolsas\/minuto<\/td>\n<td>30-180 bolsas\/minuto<\/td>\n<\/tr>\n<tr>\n<td>Energ\u00eda<\/td>\n<td>2.4kw<\/td>\n<td>2.6kw<\/td>\n<td>2.6kw<\/td>\n<td>2.6kw<\/td>\n<\/tr>\n<tr>\n<td>Dimensi\u00f3n (mm)<\/td>\n<td>3770*670*1450<\/td>\n<td>4020*770*1450<\/td>\n<td>4020*920*1450<\/td>\n<td>4020*920*1450<\/td>\n<\/tr>\n<tr>\n<td>Peso de la m\u00e1quina<\/td>\n<td>450kg<\/td>\n<td>540kg<\/td>\n<td>750kg<\/td>\n<td>800kg<\/td>\n<\/tr>\n<\/tbody>\n<\/table>\n<\/div>\n<p>&nbsp;<\/p>\n<p><img loading=\"lazy\" decoding=\"async\" class=\"alignnone wp-image-1892\" src=\"http:\/\/www.machinecooperate.com\/wp-content\/uploads\/2021\/12\/pillow-biscuit-packaging-1-1024x496.png\" alt=\"pillow biscuit packaging machine\" width=\"800\" height=\"388\" srcset=\"https:\/\/www.machinecooperate.com\/wp-content\/uploads\/2021\/12\/pillow-biscuit-packaging-1-1024x496.png 1024w, https:\/\/www.machinecooperate.com\/wp-content\/uploads\/2021\/12\/pillow-biscuit-packaging-1-600x291.png 600w, https:\/\/www.machinecooperate.com\/wp-content\/uploads\/2021\/12\/pillow-biscuit-packaging-1-300x145.png 300w, https:\/\/www.machinecooperate.com\/wp-content\/uploads\/2021\/12\/pillow-biscuit-packaging-1-768x372.png 768w, https:\/\/www.machinecooperate.com\/wp-content\/uploads\/2021\/12\/pillow-biscuit-packaging-1-18x9.png 18w, https:\/\/www.machinecooperate.com\/wp-content\/uploads\/2021\/12\/pillow-biscuit-packaging-1-660x320.png 660w, https:\/\/www.machinecooperate.com\/wp-content\/uploads\/2021\/12\/pillow-biscuit-packaging-1-150x73.png 150w, https:\/\/www.machinecooperate.com\/wp-content\/uploads\/2021\/12\/pillow-biscuit-packaging-1.png 1350w\" sizes=\"(max-width: 800px) 100vw, 800px\" \/><\/p>\n<p><img loading=\"lazy\" decoding=\"async\" class=\"alignnone wp-image-1893 size-full\" src=\"http:\/\/www.machinecooperate.com\/wp-content\/uploads\/2021\/12\/pillow-biscuit-packaging-2.png\" alt=\"pillow biscuit packaging machine\" width=\"800\" height=\"600\" srcset=\"https:\/\/www.machinecooperate.com\/wp-content\/uploads\/2021\/12\/pillow-biscuit-packaging-2.png 800w, https:\/\/www.machinecooperate.com\/wp-content\/uploads\/2021\/12\/pillow-biscuit-packaging-2-600x450.png 600w, https:\/\/www.machinecooperate.com\/wp-content\/uploads\/2021\/12\/pillow-biscuit-packaging-2-300x225.png 300w, https:\/\/www.machinecooperate.com\/wp-content\/uploads\/2021\/12\/pillow-biscuit-packaging-2-768x576.png 768w, https:\/\/www.machinecooperate.com\/wp-content\/uploads\/2021\/12\/pillow-biscuit-packaging-2-16x12.png 16w, https:\/\/www.machinecooperate.com\/wp-content\/uploads\/2021\/12\/pillow-biscuit-packaging-2-660x495.png 660w, https:\/\/www.machinecooperate.com\/wp-content\/uploads\/2021\/12\/pillow-biscuit-packaging-2-150x113.png 150w\" sizes=\"(max-width: 800px) 100vw, 800px\" \/><\/p>\n<h2>Transportador de alimentaci\u00f3n<\/h2>\n<p>Los trabajadores colocan los productos en el transportador de alimentaci\u00f3n manualmente, el producto pasar\u00e1 directamente a la pel\u00edcula.<\/p>\n<p><img loading=\"lazy\" decoding=\"async\" class=\"alignnone wp-image-1894\" src=\"http:\/\/www.machinecooperate.com\/wp-content\/uploads\/2021\/12\/pillow-biscuit-packaging-3.png\" alt=\"pillow biscuit packaging machine\" width=\"800\" height=\"394\" srcset=\"https:\/\/www.machinecooperate.com\/wp-content\/uploads\/2021\/12\/pillow-biscuit-packaging-3.png 780w, https:\/\/www.machinecooperate.com\/wp-content\/uploads\/2021\/12\/pillow-biscuit-packaging-3-600x295.png 600w, https:\/\/www.machinecooperate.com\/wp-content\/uploads\/2021\/12\/pillow-biscuit-packaging-3-300x148.png 300w, https:\/\/www.machinecooperate.com\/wp-content\/uploads\/2021\/12\/pillow-biscuit-packaging-3-768x378.png 768w, https:\/\/www.machinecooperate.com\/wp-content\/uploads\/2021\/12\/pillow-biscuit-packaging-3-18x9.png 18w, https:\/\/www.machinecooperate.com\/wp-content\/uploads\/2021\/12\/pillow-biscuit-packaging-3-660x325.png 660w, https:\/\/www.machinecooperate.com\/wp-content\/uploads\/2021\/12\/pillow-biscuit-packaging-3-150x74.png 150w\" sizes=\"(max-width: 800px) 100vw, 800px\" \/><\/p>\n<h2>Panel de control<\/h2>\n<p>Controlador de temperatura PID separado adecuado para varios materiales de embalaje. Y es f\u00e1cil cambiar la temperatura de la pel\u00edcula de aluminio, la pel\u00edcula de papel, la pel\u00edcula de PE y la pel\u00edcula compuesta. Cualquiera que sea el tipo de pel\u00edcula que necesite, tambi\u00e9n podemos recomendar un proveedor de pel\u00edculas adecuado para cada cliente.<\/p>\n<p><img loading=\"lazy\" decoding=\"async\" class=\"alignnone wp-image-1895\" src=\"http:\/\/www.machinecooperate.com\/wp-content\/uploads\/2021\/12\/pillow-biscuit-packaging-4.png\" alt=\"pillow biscuit packaging machine\" width=\"800\" height=\"419\" srcset=\"https:\/\/www.machinecooperate.com\/wp-content\/uploads\/2021\/12\/pillow-biscuit-packaging-4.png 818w, https:\/\/www.machinecooperate.com\/wp-content\/uploads\/2021\/12\/pillow-biscuit-packaging-4-600x314.png 600w, https:\/\/www.machinecooperate.com\/wp-content\/uploads\/2021\/12\/pillow-biscuit-packaging-4-300x157.png 300w, https:\/\/www.machinecooperate.com\/wp-content\/uploads\/2021\/12\/pillow-biscuit-packaging-4-768x402.png 768w, https:\/\/www.machinecooperate.com\/wp-content\/uploads\/2021\/12\/pillow-biscuit-packaging-4-18x9.png 18w, https:\/\/www.machinecooperate.com\/wp-content\/uploads\/2021\/12\/pillow-biscuit-packaging-4-660x345.png 660w, https:\/\/www.machinecooperate.com\/wp-content\/uploads\/2021\/12\/pillow-biscuit-packaging-4-150x78.png 150w\" sizes=\"(max-width: 800px) 100vw, 800px\" \/><\/p>\n<h2>Dispositivo formador de bolsas<\/h2>\n<p>El dispositivo de formaci\u00f3n de bolsas articuladas puede doblar la pel\u00edcula con un mejor rendimiento.<\/p>\n<p><img loading=\"lazy\" decoding=\"async\" class=\"alignnone wp-image-1897\" src=\"http:\/\/www.machinecooperate.com\/wp-content\/uploads\/2021\/12\/pillow-biscuit-packaging-6.png\" alt=\"pillow biscuit packaging machine\" width=\"800\" height=\"380\" srcset=\"https:\/\/www.machinecooperate.com\/wp-content\/uploads\/2021\/12\/pillow-biscuit-packaging-6.png 530w, https:\/\/www.machinecooperate.com\/wp-content\/uploads\/2021\/12\/pillow-biscuit-packaging-6-300x143.png 300w, https:\/\/www.machinecooperate.com\/wp-content\/uploads\/2021\/12\/pillow-biscuit-packaging-6-18x9.png 18w, https:\/\/www.machinecooperate.com\/wp-content\/uploads\/2021\/12\/pillow-biscuit-packaging-6-150x71.png 150w\" sizes=\"(max-width: 800px) 100vw, 800px\" \/><\/p>\n<h2>Dispositivo de sellado de extremo giratorio<\/h2>\n<p>Los cortadores pueden hacer bolsas de enlace para diferentes bolsas con sellos de extremo plano, forma de onda, agujeros euro o agujeros redondos. Se personaliza seg\u00fan las exigencias de cada cliente.<\/p>\n<p><img loading=\"lazy\" decoding=\"async\" class=\"alignnone wp-image-1898 size-full\" src=\"http:\/\/www.machinecooperate.com\/wp-content\/uploads\/2021\/12\/pillow-biscuit-packaging-7.png\" alt=\"pillow biscuit packaging machine\" width=\"800\" height=\"600\" srcset=\"https:\/\/www.machinecooperate.com\/wp-content\/uploads\/2021\/12\/pillow-biscuit-packaging-7.png 800w, https:\/\/www.machinecooperate.com\/wp-content\/uploads\/2021\/12\/pillow-biscuit-packaging-7-600x450.png 600w, https:\/\/www.machinecooperate.com\/wp-content\/uploads\/2021\/12\/pillow-biscuit-packaging-7-300x225.png 300w, https:\/\/www.machinecooperate.com\/wp-content\/uploads\/2021\/12\/pillow-biscuit-packaging-7-768x576.png 768w, https:\/\/www.machinecooperate.com\/wp-content\/uploads\/2021\/12\/pillow-biscuit-packaging-7-16x12.png 16w, https:\/\/www.machinecooperate.com\/wp-content\/uploads\/2021\/12\/pillow-biscuit-packaging-7-660x495.png 660w, https:\/\/www.machinecooperate.com\/wp-content\/uploads\/2021\/12\/pillow-biscuit-packaging-7-150x113.png 150w\" sizes=\"(max-width: 800px) 100vw, 800px\" \/><\/p>\n<h2>Referencia de imagen de embalaje<\/h2>\n<p>Este tipo de envase peque\u00f1o se utiliza para todo tipo de envases de galletas. Para ventas m\u00e1s convenientes, ya sea al por menor o al por mayor en caja, es una opci\u00f3n ideal.<\/p>\n<p><img loading=\"lazy\" decoding=\"async\" class=\"alignnone wp-image-1899\" src=\"http:\/\/www.machinecooperate.com\/wp-content\/uploads\/2021\/12\/pillow-biscuit-packaging-8-1024x484.png\" alt=\"pillow biscuit packaging machine\" width=\"800\" height=\"378\" srcset=\"https:\/\/www.machinecooperate.com\/wp-content\/uploads\/2021\/12\/pillow-biscuit-packaging-8-1024x484.png 1024w, https:\/\/www.machinecooperate.com\/wp-content\/uploads\/2021\/12\/pillow-biscuit-packaging-8-600x283.png 600w, https:\/\/www.machinecooperate.com\/wp-content\/uploads\/2021\/12\/pillow-biscuit-packaging-8-300x142.png 300w, https:\/\/www.machinecooperate.com\/wp-content\/uploads\/2021\/12\/pillow-biscuit-packaging-8-768x363.png 768w, https:\/\/www.machinecooperate.com\/wp-content\/uploads\/2021\/12\/pillow-biscuit-packaging-8-18x9.png 18w, https:\/\/www.machinecooperate.com\/wp-content\/uploads\/2021\/12\/pillow-biscuit-packaging-8-660x312.png 660w, https:\/\/www.machinecooperate.com\/wp-content\/uploads\/2021\/12\/pillow-biscuit-packaging-8-150x71.png 150w, https:\/\/www.machinecooperate.com\/wp-content\/uploads\/2021\/12\/pillow-biscuit-packaging-8.png 1080w\" sizes=\"(max-width: 800px) 100vw, 800px\" \/><\/p>","protected":false},"excerpt":{"rendered":"<p>Esta m\u00e1quina envasadora de galletas est\u00e1 dise\u00f1ada para el envasado de almohadas de materia s\u00f3lida; es propicio para todo tipo de materia s\u00f3lida bien regulada, como la galleta, galletas, pan, pastel de luna, dulces, etc., y productos b\u00e1sicos, accesorios de la industria, etc.<\/p>","protected":false},"featured_media":1555,"template":"","meta":{"_et_pb_use_builder":"","_et_pb_old_content":"","_et_gb_content_width":""},"product_brand":[],"product_cat":[15],"product_tag":[],"class_list":{"0":"post-1554","1":"product","2":"type-product","3":"status-publish","4":"has-post-thumbnail","6":"product_cat-candy-production-line-rental","8":"first","9":"instock","10":"shipping-taxable","11":"product-type-simple"},"_links":{"self":[{"href":"https:\/\/www.machinecooperate.com\/es\/wp-json\/wp\/v2\/product\/1554","targetHints":{"allow":["GET"]}}],"collection":[{"href":"https:\/\/www.machinecooperate.com\/es\/wp-json\/wp\/v2\/product"}],"about":[{"href":"https:\/\/www.machinecooperate.com\/es\/wp-json\/wp\/v2\/types\/product"}],"wp:featuredmedia":[{"embeddable":true,"href":"https:\/\/www.machinecooperate.com\/es\/wp-json\/wp\/v2\/media\/1555"}],"wp:attachment":[{"href":"https:\/\/www.machinecooperate.com\/es\/wp-json\/wp\/v2\/media?parent=1554"}],"wp:term":[{"taxonomy":"product_brand","embeddable":true,"href":"https:\/\/www.machinecooperate.com\/es\/wp-json\/wp\/v2\/product_brand?post=1554"},{"taxonomy":"product_cat","embeddable":true,"href":"https:\/\/www.machinecooperate.com\/es\/wp-json\/wp\/v2\/product_cat?post=1554"},{"taxonomy":"product_tag","embeddable":true,"href":"https:\/\/www.machinecooperate.com\/es\/wp-json\/wp\/v2\/product_tag?post=1554"}],"curies":[{"name":"wp","href":"https:\/\/api.w.org\/{rel}","templated":true}]}}