{"id":1471,"date":"2021-12-22T14:19:46","date_gmt":"2021-12-22T14:19:46","guid":{"rendered":"http:\/\/jymachinetech.com\/?post_type=product&#038;p=1471"},"modified":"2025-10-14T02:07:23","modified_gmt":"2025-10-14T02:07:23","slug":"caramel-candy-depositing-line","status":"publish","type":"product","link":"https:\/\/www.machinecooperate.com\/es\/product\/caramel-candy-depositing-line","title":{"rendered":"Caramel candy depositing line Rental | candy making machine for rent"},"content":{"rendered":"<p>La producci\u00f3n de toffee y caramelo de alta calidad se puede realizar mediante una l\u00ednea de dep\u00f3sito controlada por PLC servoaccionada completamente autom\u00e1tica en una variedad de formas y colores que incluyen un relleno central de valor agregado como chocolate, mermelada, etc.<br \/>\nEsta l\u00ednea consiste principalmente en un sistema de pesaje y mezcla autom\u00e1tico (puede ser opcional), un sistema de disoluci\u00f3n a presi\u00f3n, una cocina de caramelos de toffee, un dep\u00f3sito y un t\u00fanel de enfriamiento, y adopta el sistema servo avanzado para controlar el procesamiento.<\/p>\n<p><img loading=\"lazy\" decoding=\"async\" class=\"alignnone size-medium wp-image-4497\" src=\"http:\/\/www.machinecooperate.com\/wp-content\/uploads\/2022\/01\/marshmallow3-300x139.jpg\" alt=\"\" width=\"300\" height=\"139\" \/><\/p>\n<h2><b>Cocina de caramelo<\/b><\/h2>\n<ul>\n<li>Dos sistemas de cocci\u00f3n para una caramelizaci\u00f3n m\u00e1s r\u00e1pida y precisa.<\/li>\n<li>Cocci\u00f3n de alta eficiencia por vapor, Menos burbujas de aire, distorsi\u00f3n m\u00ednima.<\/li>\n<li>Cocci\u00f3n y caramelizaci\u00f3n por separado simult\u00e1neas.<\/li>\n<li>Control independiente de color, sabor, humedad y textura.<\/li>\n<li>Alimentador autom\u00e1tico de ingredientes, cambios r\u00e1pidos.<\/li>\n<li>tasa de desecho baja, mano de obra baja y menos costo.<\/li>\n<li>Adici\u00f3n autom\u00e1tica de color\/sabor.<\/li>\n<\/ul>\n<h2><b>Sistema de dep\u00f3sito y t\u00fanel de enfriamiento<\/b><\/h2>\n<ul>\n<li>La superficie es esmerilada a prueba de agua, prolonga la vida \u00fatil, est\u00e1ndar GMP.<\/li>\n<li>Rayas o capas definidas con precisi\u00f3n.<\/li>\n<li>Dep\u00f3sito de alta precisi\u00f3n, sin desviaci\u00f3n.<\/li>\n<li>Moldes de silicona suave para una f\u00f3rmula m\u00e1s viscosa.<\/li>\n<li>Sistema de refrigeraci\u00f3n independiente para un control de temperatura m\u00e1s preciso.<\/li>\n<li>Dep\u00f3sito continuo y preciso, menos burbujas de aire y parpadeo.<\/li>\n<li>Funci\u00f3n de lavado autom\u00e1tico, sistema de limpieza de tuber\u00eda \u00fanica estructura cercana, ahorra espacio.<\/li>\n<\/ul>\n<p>&nbsp;<\/p>\n<h2>Uso<\/h2>\n<p><img loading=\"lazy\" decoding=\"async\" class=\"alignnone size-full wp-image-1475\" src=\"http:\/\/www.machinecooperate.com\/wp-content\/uploads\/2021\/12\/1629342292_5d82256fda7f3c01de736af931ba2e8.png\" alt=\"\" width=\"2179\" height=\"864\" srcset=\"https:\/\/www.machinecooperate.com\/wp-content\/uploads\/2021\/12\/1629342292_5d82256fda7f3c01de736af931ba2e8.png 2179w, https:\/\/www.machinecooperate.com\/wp-content\/uploads\/2021\/12\/1629342292_5d82256fda7f3c01de736af931ba2e8-600x238.png 600w, https:\/\/www.machinecooperate.com\/wp-content\/uploads\/2021\/12\/1629342292_5d82256fda7f3c01de736af931ba2e8-300x119.png 300w, https:\/\/www.machinecooperate.com\/wp-content\/uploads\/2021\/12\/1629342292_5d82256fda7f3c01de736af931ba2e8-1024x406.png 1024w, https:\/\/www.machinecooperate.com\/wp-content\/uploads\/2021\/12\/1629342292_5d82256fda7f3c01de736af931ba2e8-768x305.png 768w, https:\/\/www.machinecooperate.com\/wp-content\/uploads\/2021\/12\/1629342292_5d82256fda7f3c01de736af931ba2e8-1536x609.png 1536w, https:\/\/www.machinecooperate.com\/wp-content\/uploads\/2021\/12\/1629342292_5d82256fda7f3c01de736af931ba2e8-2048x812.png 2048w, https:\/\/www.machinecooperate.com\/wp-content\/uploads\/2021\/12\/1629342292_5d82256fda7f3c01de736af931ba2e8-660x262.png 660w, https:\/\/www.machinecooperate.com\/wp-content\/uploads\/2021\/12\/1629342292_5d82256fda7f3c01de736af931ba2e8-150x59.png 150w\" sizes=\"(max-width: 2179px) 100vw, 2179px\" \/><\/p>\n<h2><b>M\u00e1s RFQ sobre m\u00e1quina depositadora de caramelos<\/b><\/h2>\n<ul>\n<li value=\"50\">P: \u00bfCu\u00e1ntos tipos de dulces de caramelo puede hacer esta m\u00e1quina?<\/li>\n<\/ul>\n<p>R: Podemos hacer toffee de relleno central de un solo color, podemos personalizar el molde de acuerdo con su imagen de toffee terminada.<\/p>\n<ul>\n<li value=\"50\">P: \u00bfPuede la m\u00e1quina hacer diferentes dulces?<\/li>\n<\/ul>\n<p>R: S\u00ed, podemos ofrecer moldes personalizados, incluido el dise\u00f1o y la producci\u00f3n.<\/p>\n<ul>\n<li value=\"50\">P: \u00bfPuedo hacer chocolate tambi\u00e9n en esta m\u00e1quina?<\/li>\n<\/ul>\n<p>R: No, ya que esta es nuestra m\u00e1quina est\u00e1ndar para hacer dulces.<\/p>\n<ul>\n<li value=\"50\">P: \u00bfCu\u00e1ntas gomitas puedes hacer en una hora?<\/li>\n<\/ul>\n<p>R: al menos 21600 unidades en una hora.<\/p>\n<ul>\n<li value=\"50\">P: \u00bfCu\u00e1l es la capacidad de la m\u00e1quina de dulces que necesita?<\/li>\n<\/ul>\n<p>R: Normalmente podemos proporcionar una capacidad de 150 a 2000 kg por hora.<\/p>\n<ul>\n<li value=\"50\">P: \u00bfCu\u00e1l es la forma y el tama\u00f1o de los dulces que puede hacer su m\u00e1quina?<\/li>\n<\/ul>\n<p>R: Independientemente de los dulces que necesite, podemos proporcionarle formas y tama\u00f1os personalizados.<\/p>\n<ul>\n<li value=\"50\">P: \u00bfQu\u00e9 calefacci\u00f3n? \u00bfCalefacci\u00f3n el\u00e9ctrica o calefacci\u00f3n a vapor?<\/li>\n<\/ul>\n<p>R: Podemos proporcionar calefacci\u00f3n el\u00e9ctrica o calefacci\u00f3n a vapor seg\u00fan el entorno del cliente.<\/p>\n<p>&nbsp;<\/p>\n<h2><strong><span lang=\"EN-US\">Por qu\u00e9 comprarnos una m\u00e1quina: fabricante<\/span><\/strong><\/h2>\n<ul>\n<li value=\"50\"><b><span lang=\"EN-US\">Real f<\/span><\/b><b><span lang=\"EN-US\">actoria<\/span><\/b><b><span lang=\"EN-US\">\u00a0empresa no comercial<\/span><\/b><\/li>\n<\/ul>\n<p><span lang=\"EN-US\">\u00a0 \u00a0 \u00a0 \u00a0\u00bfHacemos un recorrido por la f\u00e1brica con usted?<\/span><\/p>\n<ul>\n<li value=\"50\"><b><span lang=\"EN-US\">Profesional<\/span><\/b><\/li>\n<\/ul>\n<p><span lang=\"EN-US\">\u00a0 \u00a0 \u00a0 \u00a0Nuestra f\u00e1brica tiene m\u00e1s de 40 a\u00f1os de experiencia en la fabricaci\u00f3n de m\u00e1quinas.<br \/>\nHay 12 dise\u00f1adores de dibujo y 20 ingenieros profesionales que pueden ofrecerle soporte t\u00e9cnico en cualquier momento y en cualquier lugar.<\/span><\/p>\n<ul>\n<li value=\"50\"><b><span lang=\"EN-US\">Fiabilidad<\/span><\/b><\/li>\n<\/ul>\n<p><span lang=\"EN-US\">\u00a0 \u00a0 \u00a0 La f\u00e1brica moderna tiene m\u00e1s de 200 trabajadores.<br \/>\nSistema de control de calidad estricto, est\u00e1ndar avanzado de Alemania<br \/>\nEl centro de mecanizado CNC proporciona un proceso tecnol\u00f3gico preciso para manejar cada detalle de cada m\u00e1quina. El equipo de ingenieros profesionales le ofrece el mejor plan seg\u00fan sus necesidades.<\/span><\/p>\n<ul>\n<li value=\"50\"><b><span lang=\"EN-US\">M\u00e1quinas de alta calidad<\/span><\/b><\/li>\n<\/ul>\n<p><span lang=\"EN-US\">\u00a0 \u00a0 \u00a0 Toda la m\u00e1quina hecha en f\u00e1brica est\u00e1ndar GMP<\/span><br \/>\n<span lang=\"EN-US\">\u00a0 \u00a0 \u00a0 Tenemos el centro CNC para mantener la m\u00e1quina preciosa.<\/span><br \/>\n<span lang=\"EN-US\">\u00a0 \u00a0 \u00a0 Todas las m\u00e1quinas utilizan SUS304 y tratamiento de revestimiento de superficies con chorro de arena<\/span><\/p>\n<p>&nbsp;<\/p>\n<h2><strong><span lang=\"EN-US\">Que podemos hacer por usted<\/span><\/strong><\/h2>\n<ul>\n<li value=\"50\"><span lang=\"EN-US\">Dise\u00f1o de f\u00e1brica<\/span><\/li>\n<li><span lang=\"EN-US\">dise\u00f1o 3D y plan de proyecto<\/span><\/li>\n<li value=\"50\"><span lang=\"EN-US\">Dise\u00f1o de formas personalizadas<\/span><\/li>\n<li><span lang=\"EN-US\">F\u00f3rmula de caramelo<\/span><\/li>\n<\/ul>\n<p>&nbsp;<\/p>","protected":false},"excerpt":{"rendered":"<p>Gama completa de producci\u00f3n de toffee, caramelo y fudge de alta calidad.<\/p>","protected":false},"featured_media":4842,"template":"","meta":{"_et_pb_use_builder":"","_et_pb_old_content":"","_et_gb_content_width":""},"product_brand":[],"product_cat":[15],"product_tag":[],"class_list":{"0":"post-1471","1":"product","2":"type-product","3":"status-publish","4":"has-post-thumbnail","6":"product_cat-candy-production-line-rental","8":"first","9":"instock","10":"shipping-taxable","11":"product-type-simple"},"_links":{"self":[{"href":"https:\/\/www.machinecooperate.com\/es\/wp-json\/wp\/v2\/product\/1471","targetHints":{"allow":["GET"]}}],"collection":[{"href":"https:\/\/www.machinecooperate.com\/es\/wp-json\/wp\/v2\/product"}],"about":[{"href":"https:\/\/www.machinecooperate.com\/es\/wp-json\/wp\/v2\/types\/product"}],"wp:featuredmedia":[{"embeddable":true,"href":"https:\/\/www.machinecooperate.com\/es\/wp-json\/wp\/v2\/media\/4842"}],"wp:attachment":[{"href":"https:\/\/www.machinecooperate.com\/es\/wp-json\/wp\/v2\/media?parent=1471"}],"wp:term":[{"taxonomy":"product_brand","embeddable":true,"href":"https:\/\/www.machinecooperate.com\/es\/wp-json\/wp\/v2\/product_brand?post=1471"},{"taxonomy":"product_cat","embeddable":true,"href":"https:\/\/www.machinecooperate.com\/es\/wp-json\/wp\/v2\/product_cat?post=1471"},{"taxonomy":"product_tag","embeddable":true,"href":"https:\/\/www.machinecooperate.com\/es\/wp-json\/wp\/v2\/product_tag?post=1471"}],"curies":[{"name":"wp","href":"https:\/\/api.w.org\/{rel}","templated":true}]}}