{"id":1445,"date":"2021-12-22T10:17:04","date_gmt":"2021-12-22T10:17:04","guid":{"rendered":"http:\/\/jymachinetech.com\/?post_type=product&#038;p=1445"},"modified":"2025-10-14T02:04:38","modified_gmt":"2025-10-14T02:04:38","slug":"automatic-gummy-bear-candy-making-machine","status":"publish","type":"product","link":"https:\/\/www.machinecooperate.com\/es\/product\/automatic-gummy-bear-candy-making-machine","title":{"rendered":"USA Mini Fully Automatic Gummy Bear Candy Making Machine Rental"},"content":{"rendered":"<p>Mayorista de la l\u00ednea de producci\u00f3n de ositos de goma #1: encuentre la l\u00ednea de producci\u00f3n de ositos de goma perfecta para sus necesidades. Sin intermediarios: compre la l\u00ednea de producci\u00f3n de osos gomosos de Trusted Factory directamente. Garant\u00edas de la industria para la l\u00ednea de producci\u00f3n de ositos de goma - Soporte 24\/7 - Cotizaci\u00f3n en 5 minutos o menos. La mejor l\u00ednea de producci\u00f3n de osos gomosos a la venta - F\u00e1brica de l\u00ednea de producci\u00f3n de osos gomosos -OEM\/ODM con los precios m\u00e1s bajos<\/p>\n<h2><span lang=\"EN-US\">Depositador autom\u00e1tico de caramelos 40-Mini<\/span><\/h2>\n<ul>\n<li>Tolva de fraguado templado<\/li>\n<li>dep\u00f3sito servo<\/li>\n<li>Control de tama\u00f1o del depositante ajustable por PLC<\/li>\n<li>24 cavidades por disparo<\/li>\n<li>Pulverizador de aceite digital<\/li>\n<li>Transferencia autom\u00e1tica a un sistema de refrigeraci\u00f3n multicapa<\/li>\n<li>Desmoldeo autom\u00e1tico y transferencia<\/li>\n<li>Control de temperatura variable digital<\/li>\n<li>Piezas de repuesto gratuitas para mantener<\/li>\n<li>Montaje r\u00e1pido y uso m\u00e1s r\u00e1pido<\/li>\n<li>Protecci\u00f3n de producci\u00f3n de seguridad de ventana visual<\/li>\n<li>Dise\u00f1o compacto que ahorra espacio para 13 pies de largo<\/li>\n<\/ul>\n<p><img loading=\"lazy\" decoding=\"async\" class=\"alignnone wp-image-1448\" src=\"http:\/\/www.machinecooperate.com\/wp-content\/uploads\/2021\/12\/gummy-bear-machine-3.png\" alt=\"40-Mini automatic candy depositor\" width=\"573\" height=\"371\" srcset=\"https:\/\/www.machinecooperate.com\/wp-content\/uploads\/2021\/12\/gummy-bear-machine-3.png 680w, https:\/\/www.machinecooperate.com\/wp-content\/uploads\/2021\/12\/gummy-bear-machine-3-600x388.png 600w, https:\/\/www.machinecooperate.com\/wp-content\/uploads\/2021\/12\/gummy-bear-machine-3-300x194.png 300w, https:\/\/www.machinecooperate.com\/wp-content\/uploads\/2021\/12\/gummy-bear-machine-3-660x427.png 660w, https:\/\/www.machinecooperate.com\/wp-content\/uploads\/2021\/12\/gummy-bear-machine-3-150x97.png 150w\" sizes=\"(max-width: 573px) 100vw, 573px\" \/><\/p>\n<h2><span lang=\"EN-US\">APLICACIONES<\/span><\/h2>\n<p><span lang=\"EN-US\">Vitaminas, Minerales, Fibra, CBD, Suplementos Energ\u00e9ticos, Medicamentos OTC, 100% Pastas y Piezas de Frutas, Productos bajos en az\u00facar y sin az\u00facar<\/span><\/p>\n<p><img loading=\"lazy\" decoding=\"async\" class=\"alignnone size-full wp-image-1447\" src=\"http:\/\/www.machinecooperate.com\/wp-content\/uploads\/2021\/12\/gummy-bear-machine-2.png\" alt=\"\" width=\"998\" height=\"678\" srcset=\"https:\/\/www.machinecooperate.com\/wp-content\/uploads\/2021\/12\/gummy-bear-machine-2.png 998w, https:\/\/www.machinecooperate.com\/wp-content\/uploads\/2021\/12\/gummy-bear-machine-2-600x408.png 600w, https:\/\/www.machinecooperate.com\/wp-content\/uploads\/2021\/12\/gummy-bear-machine-2-300x204.png 300w, https:\/\/www.machinecooperate.com\/wp-content\/uploads\/2021\/12\/gummy-bear-machine-2-768x522.png 768w, https:\/\/www.machinecooperate.com\/wp-content\/uploads\/2021\/12\/gummy-bear-machine-2-660x448.png 660w, https:\/\/www.machinecooperate.com\/wp-content\/uploads\/2021\/12\/gummy-bear-machine-2-150x102.png 150w\" sizes=\"(max-width: 998px) 100vw, 998px\" \/><\/p>\n<h2><\/h2>\n<ul>\n<li><span lang=\"EN-US\">Tanque de disoluci\u00f3n de az\u00facar,<\/span><\/li>\n<li><span lang=\"EN-US\">Bombas de Transferencia y Tanque de Almacenamiento <\/span><\/li>\n<li><span lang=\"EN-US\">Sistema de dosificaci\u00f3n autom\u00e1tica\u00a0 \u00a0 \u00a0 <\/span><\/li>\n<li><span lang=\"EN-US\">Mezclador din\u00e1mico en l\u00ednea\u00a0 \u00a0<\/span><\/li>\n<li><span lang=\"EN-US\">Sistema de pulverizaci\u00f3n de aceite autom\u00e1tico<\/span><\/li>\n<li><span lang=\"EN-US\">servo depositante<\/span><\/li>\n<li><span lang=\"EN-US\">Transportador servoaccionado<\/span><\/li>\n<li><span lang=\"EN-US\">T\u00fanel de enfriamiento<\/span><\/li>\n<li><span lang=\"EN-US\">Sistema de desmoldeo<\/span><\/li>\n<\/ul>\n<h2><b><span lang=\"EN-US\">Apoyo Auxiliar<\/span><\/b><\/h2>\n<ul>\n<li><span lang=\"EN-US\">Tambor de recubrimiento de az\u00facar<\/span><\/li>\n<li><span lang=\"EN-US\">Pulverizador de aceite<\/span><\/li>\n<li><span lang=\"EN-US\">Charolas de Secado de Gomitas<\/span><\/li>\n<\/ul>\n<p>&nbsp;<\/p>\n<h2><span lang=\"EN-US\">Dep\u00f3sito y enfriamiento (formaci\u00f3n)<\/span><\/h2>\n<p><img loading=\"lazy\" decoding=\"async\" class=\"alignleft wp-image-4546 size-large\" src=\"http:\/\/www.machinecooperate.com\/wp-content\/uploads\/2021\/12\/gummy_\u526f\u672c-1-908x1024.jpg\" alt=\"\" width=\"908\" height=\"1024\" srcset=\"https:\/\/www.machinecooperate.com\/wp-content\/uploads\/2021\/12\/gummy_\u526f\u672c-1-908x1024.jpg 908w, https:\/\/www.machinecooperate.com\/wp-content\/uploads\/2021\/12\/gummy_\u526f\u672c-1-266x300.jpg 266w, https:\/\/www.machinecooperate.com\/wp-content\/uploads\/2021\/12\/gummy_\u526f\u672c-1-768x866.jpg 768w, https:\/\/www.machinecooperate.com\/wp-content\/uploads\/2021\/12\/gummy_\u526f\u672c-1-1362x1536.jpg 1362w, https:\/\/www.machinecooperate.com\/wp-content\/uploads\/2021\/12\/gummy_\u526f\u672c-1-1817x2048.jpg 1817w, https:\/\/www.machinecooperate.com\/wp-content\/uploads\/2021\/12\/gummy_\u526f\u672c-1-1080x1218.jpg 1080w, https:\/\/www.machinecooperate.com\/wp-content\/uploads\/2021\/12\/gummy_\u526f\u672c-1-1280x1443.jpg 1280w, https:\/\/www.machinecooperate.com\/wp-content\/uploads\/2021\/12\/gummy_\u526f\u672c-1-980x1105.jpg 980w, https:\/\/www.machinecooperate.com\/wp-content\/uploads\/2021\/12\/gummy_\u526f\u672c-1-480x541.jpg 480w, https:\/\/www.machinecooperate.com\/wp-content\/uploads\/2021\/12\/gummy_\u526f\u672c-1-600x676.jpg 600w, https:\/\/www.machinecooperate.com\/wp-content\/uploads\/2021\/12\/gummy_\u526f\u672c-1-scaled.jpg 1703w\" sizes=\"(max-width: 908px) 100vw, 908px\" \/><\/p>\n<p>&nbsp;<\/p>\n<h2><b><span lang=\"EN-US\">Dosificaci\u00f3n de adiciones<\/span><\/b><b>\uff08New Design <\/b><b><span lang=\"EN-US\">Sistema CFA<\/span><\/b><b>\uff09<\/b><\/h2>\n<p><img loading=\"lazy\" decoding=\"async\" class=\"alignnone wp-image-4543\" src=\"http:\/\/www.machinecooperate.com\/wp-content\/uploads\/2021\/12\/\u5fae\u4fe1\u56fe\u7247_20250527094705-300x300.jpg\" alt=\"\" width=\"339\" height=\"339\" srcset=\"https:\/\/www.machinecooperate.com\/wp-content\/uploads\/2021\/12\/\u5fae\u4fe1\u56fe\u7247_20250527094705-300x300.jpg 300w, https:\/\/www.machinecooperate.com\/wp-content\/uploads\/2021\/12\/\u5fae\u4fe1\u56fe\u7247_20250527094705-150x150.jpg 150w, https:\/\/www.machinecooperate.com\/wp-content\/uploads\/2021\/12\/\u5fae\u4fe1\u56fe\u7247_20250527094705-480x480.jpg 480w, https:\/\/www.machinecooperate.com\/wp-content\/uploads\/2021\/12\/\u5fae\u4fe1\u56fe\u7247_20250527094705-600x600.jpg 600w, https:\/\/www.machinecooperate.com\/wp-content\/uploads\/2021\/12\/\u5fae\u4fe1\u56fe\u7247_20250527094705-100x100.jpg 100w, https:\/\/www.machinecooperate.com\/wp-content\/uploads\/2021\/12\/\u5fae\u4fe1\u56fe\u7247_20250527094705.jpg 750w\" sizes=\"(max-width: 339px) 100vw, 339px\" \/><\/p>\n<p><span lang=\"EN-US\">Los colores, sabores y polvo \u00e1cido (CFA) se agregan directamente al jarabe, donde generalmente se usa un sistema similar para agregar los ingredientes activos.<\/span><\/p>\n<p><span lang=\"EN-US\">El sistema b\u00e1sico de adici\u00f3n de CFA incluye un tanque de almacenamiento y una bomba perist\u00e1ltica. Para mantener los aditivos en las mejores condiciones, se puede agregar el lazo de control del medidor de flujo a la bomba para lograr la mejor precisi\u00f3n.<\/span><\/p>\n<p><span lang=\"EN-US\">Cada aditivo tiene su propio sistema y se suministra de forma independiente al dispositivo de vertido. Se pueden incorporar al jarabe usando un mezclador en l\u00ednea est\u00e1tico o din\u00e1mico y luego se abre el cono de mezcla. Las diferentes opciones dependen de la naturaleza de los aditivos.<\/span><\/p>\n<p>&nbsp;<\/p>\n<h2><b><span lang=\"EN-US\">Pulverizador de aceite<\/span><\/b><\/h2>\n<p><span lang=\"EN-US\">Las boquillas individuales en forma de cono roc\u00edan el aceite a las cavidades del molde, para ahorrar aceite y condiciones sanitarias.<\/span><\/p>\n<p>&nbsp;<\/p>\n<h2><span lang=\"EN-US\">servo depositante<\/span><\/h2>\n<p><i><span lang=\"EN-US\">El servocontrol es m\u00e1s preciso y silencioso, la pantalla t\u00e1ctil ajusta el peso del producto.<\/span><\/i><\/p>\n<p>&nbsp;<\/p>\n<h2><span lang=\"EN-US\">Transportador servoaccionado<\/span><\/h2>\n<p><span lang=\"EN-US\">Ajuste el grado de coincidencia con el dep\u00f3sito, ajuste el tiempo de enfriamiento<\/span><\/p>\n<p>&nbsp;<\/p>\n<h2><b><span lang=\"EN-US\">Tipo de moldes de cambio r\u00e1pido<\/span><\/b><\/h2>\n<p><span lang=\"EN-US\">Nuestro sistema de liberaci\u00f3n r\u00e1pida de dise\u00f1o \u00fanico puede acortar el tiempo de instalaci\u00f3n y desmontaje del molde, reducir los costos de mano de obra y mejorar la eficiencia de la producci\u00f3n.<\/span><\/p>\n<p>&nbsp;<\/p>\n<h2><b><span lang=\"EN-US\">T\u00fanel de enfriamiento<\/span><\/b><\/h2>\n<p><span lang=\"EN-US\">Nuestro nuevo sistema de congelador de dise\u00f1o exclusivo puede ayudar a que los dulces se enfr\u00eden r\u00e1pidamente y acelerar su formaci\u00f3n, lo que puede mejorar en gran medida la eficiencia de la producci\u00f3n. Utilizamos refrigerantes ecol\u00f3gicos, que pueden cumplir con los altos est\u00e1ndares de los requisitos de protecci\u00f3n ambiental en Europa, Am\u00e9rica y otras regiones.<\/span><\/p>\n<p>&nbsp;<\/p>\n<h2><b><span lang=\"EN-US\">Sistema de desmoldeo<\/span><\/b><\/h2>\n<p>Seg\u00fan las diferentes necesidades, podemos estar equipados con m\u00e1quinas de recubrimiento de az\u00facar en polvo, m\u00e1quinas pulidoras que pueden hacer que los dulces muestren diferentes colores. Puede enriquecer enormemente la apariencia y los tipos de dulces.<\/p>\n<p>&nbsp;<\/p>\n<p>El peque\u00f1o equipo de secado que proporcionamos puede reducir en gran medida los costos de inversi\u00f3n, permiti\u00e9ndole abrir nuevos negocios con una inversi\u00f3n m\u00ednima. Cuando su negocio de confiter\u00eda est\u00e1 en el camino correcto, puede reemplazarlo de inmediato con equipos de producci\u00f3n a gran escala.<\/p>\n<p>&nbsp;<\/p>\n<h2><span lang=\"EN-US\">Mezclar y Cocinar<\/span><\/h2>\n<p><img loading=\"lazy\" decoding=\"async\" class=\"alignnone wp-image-1446\" src=\"http:\/\/www.machinecooperate.com\/wp-content\/uploads\/2021\/12\/gummy-bear-machine-1.jpeg\" alt=\"Mixing &amp; Cooking\" width=\"272\" height=\"294\" srcset=\"https:\/\/www.machinecooperate.com\/wp-content\/uploads\/2021\/12\/gummy-bear-machine-1.jpeg 410w, https:\/\/www.machinecooperate.com\/wp-content\/uploads\/2021\/12\/gummy-bear-machine-1-278x300.jpeg 278w, https:\/\/www.machinecooperate.com\/wp-content\/uploads\/2021\/12\/gummy-bear-machine-1-139x150.jpeg 139w\" sizes=\"(max-width: 272px) 100vw, 272px\" \/><\/p>\n<h2>Sistema de cocci\u00f3n m\u00f3vil<\/h2>\n<p><img loading=\"lazy\" decoding=\"async\" class=\"alignnone size-full wp-image-1453\" src=\"http:\/\/www.machinecooperate.com\/wp-content\/uploads\/2021\/12\/gummy-bear-machine-8.jpeg\" alt=\"Mixing &amp; Cooking\" width=\"1379\" height=\"311\" srcset=\"https:\/\/www.machinecooperate.com\/wp-content\/uploads\/2021\/12\/gummy-bear-machine-8.jpeg 1379w, https:\/\/www.machinecooperate.com\/wp-content\/uploads\/2021\/12\/gummy-bear-machine-8-600x135.jpeg 600w, https:\/\/www.machinecooperate.com\/wp-content\/uploads\/2021\/12\/gummy-bear-machine-8-300x68.jpeg 300w, https:\/\/www.machinecooperate.com\/wp-content\/uploads\/2021\/12\/gummy-bear-machine-8-1024x231.jpeg 1024w, https:\/\/www.machinecooperate.com\/wp-content\/uploads\/2021\/12\/gummy-bear-machine-8-768x173.jpeg 768w, https:\/\/www.machinecooperate.com\/wp-content\/uploads\/2021\/12\/gummy-bear-machine-8-660x149.jpeg 660w, https:\/\/www.machinecooperate.com\/wp-content\/uploads\/2021\/12\/gummy-bear-machine-8-150x34.jpeg 150w\" sizes=\"(max-width: 1379px) 100vw, 1379px\" \/><\/p>\n<ul>\n<li>Cocedor de lotes peque\u00f1os sobre carro\/rueda<\/li>\n<li>Sistema de control independiente<\/li>\n<li>Ajuste de temperatura<\/li>\n<li>Raspando agitando<\/li>\n<li>Homogeneizador<\/li>\n<li>Pantalla digital<\/li>\n<li>Ventana visual<\/li>\n<li>Descarga conveniente<\/li>\n<li>Montaje r\u00e1pido y uso m\u00e1s r\u00e1pido<\/li>\n<\/ul>\n<ul>\n<li><span lang=\"EN-US\">S<\/span>agitador de acero inoxidable<\/li>\n<li>Encamisado para calefacci\u00f3n<\/li>\n<li>Estructura de acero inoxidable, lados aislados.<\/li>\n<li>Sistema de automatizaci\u00f3n completo<\/li>\n<li>Sistema de control independiente<\/li>\n<li>Transferencia por bomba y tuber\u00edas<\/li>\n<li><a class=\"keychainify-checked\">modularizaci\u00f3n<\/a> para una instalaci\u00f3n r\u00e1pida<\/li>\n<\/ul>\n<p><span lang=\"EN-US\">Es un sistema autom\u00e1tico de disoluci\u00f3n y mezcla de ingredientes para precocinar el jarabe de dulces y soluciones de bebidas.<\/span><br \/>\n<span lang=\"EN-US\">Mezcle materias primas como el az\u00facar y la glucosa. Agregue todas las materias primas en la olla, la cocci\u00f3n est\u00e1 completa y el jarabe se transferir\u00e1 al tanque de almacenamiento a trav\u00e9s de la bomba. El tanque de almacenamiento adopta un dise\u00f1o de m\u00faltiples capas, y la capa intermedia se puede llenar con agua fr\u00eda y caliente para mantener la temperatura del l\u00edquido en el tanque y enfriar o almacenar diferentes tipos de pectina o gelatina como tanque intermedio para una producci\u00f3n continua.<\/span><\/p>\n<p>&nbsp;<\/p>\n<p><img loading=\"lazy\" decoding=\"async\" class=\"alignnone size-full wp-image-1454\" src=\"http:\/\/www.machinecooperate.com\/wp-content\/uploads\/2021\/12\/gummy-bear-machine-9.jpeg\" alt=\"\" width=\"1267\" height=\"845\" srcset=\"https:\/\/www.machinecooperate.com\/wp-content\/uploads\/2021\/12\/gummy-bear-machine-9.jpeg 1267w, https:\/\/www.machinecooperate.com\/wp-content\/uploads\/2021\/12\/gummy-bear-machine-9-600x400.jpeg 600w, https:\/\/www.machinecooperate.com\/wp-content\/uploads\/2021\/12\/gummy-bear-machine-9-300x200.jpeg 300w, https:\/\/www.machinecooperate.com\/wp-content\/uploads\/2021\/12\/gummy-bear-machine-9-1024x683.jpeg 1024w, https:\/\/www.machinecooperate.com\/wp-content\/uploads\/2021\/12\/gummy-bear-machine-9-768x512.jpeg 768w, https:\/\/www.machinecooperate.com\/wp-content\/uploads\/2021\/12\/gummy-bear-machine-9-660x440.jpeg 660w, https:\/\/www.machinecooperate.com\/wp-content\/uploads\/2021\/12\/gummy-bear-machine-9-150x100.jpeg 150w\" sizes=\"(max-width: 1267px) 100vw, 1267px\" \/><\/p>\n<p><span lang=\"EN-US\">A medida que los consumidores se dan cuenta de que tratar enfermedades y ajustar su dieta no es necesariamente una experiencia desagradable, utilizan cada vez m\u00e1s productos de confiter\u00eda funcionales para lograr los efectos de los medicamentos de venta libre o los suplementos diet\u00e9ticos.<\/span><\/p>\n<p><span lang=\"EN-US\">Los dulces funcionales y medicados no son infrecuentes, pero la precisi\u00f3n y la higiene de las t\u00e9cnicas modernas de cocci\u00f3n y deposici\u00f3n han ampliado sus aplicaciones potenciales.<\/span><\/p>\n<h2><b><span lang=\"EN-US\">Aplicaciones funcionales y medicadas para Gummy<\/span><\/b><\/h2>\n<p>Los elementos funcionales van desde aumentar la ingesta de nutrientes esenciales (como vitaminas, minerales, fibra y prote\u00ednas) hasta agregar suplementos beneficiosos (como \u00e1cido f\u00f3lico y omega-3) a la dieta. El campo tambi\u00e9n se ha expandido a la nutrici\u00f3n deportiva, donde los dulces son muy adecuados para productos de suplementos energ\u00e9ticos port\u00e1tiles y convenientes.<\/p>\n<h2><b><span lang=\"EN-US\">Para ingredientes activos<\/span><\/b><\/h2>\n<p><span lang=\"EN-US\">La deposici\u00f3n puede agregar diferentes formas de ingredientes activos en diferentes etapas.<\/span><\/p>\n<p><span lang=\"EN-US\">Los ingredientes estables al calor se pueden agregar al comienzo del proceso de pesaje y mezcla, mientras que los aditivos l\u00edquidos de peque\u00f1o volumen se pueden mezclar despu\u00e9s de la cocci\u00f3n utilizando un sistema de mezcla de color\/sabor de alta precisi\u00f3n. El componente viscoso se puede llenar como un s\u00e1ndwich, que se puede encapsular en cualquier capa exterior viscosa.<\/span><\/p>\n<p><span lang=\"EN-US\">Los componentes vol\u00e1tiles se agregan justo antes de la tolva del dispositivo de dep\u00f3sito y su tiempo de retenci\u00f3n es corto, lo que puede minimizar la evaporaci\u00f3n. Tambi\u00e9n puede agregar polvo u otras inclusiones peque\u00f1as al dulce antes de verterlo.<\/span><\/p>\n<p><span lang=\"EN-US\">La caracter\u00edstica principal de la cocci\u00f3n y la deposici\u00f3n es el n\u00facleo de la producci\u00f3n exitosa de dulces funcionales y medicados.<\/span><\/p>\n<p><span lang=\"EN-US\">Aunque la cocci\u00f3n se realiza a altas temperaturas, la adici\u00f3n de ingredientes activos se suele retrasar hasta justo antes de la deposici\u00f3n para evitar su p\u00e9rdida o degradaci\u00f3n. La deposici\u00f3n se lleva a cabo a una temperatura m\u00e1s baja y luego se enfr\u00eda r\u00e1pidamente para aumentar la estabilidad de la composici\u00f3n.<\/span><\/p>\n<p><span lang=\"EN-US\">Los equipos de medici\u00f3n y dosificaci\u00f3n de alta precisi\u00f3n aseguran que se agregue la proporci\u00f3n correcta de ingredientes activos al jarabe cocido. Cuando se combina con el control muy preciso del peso de la pieza proporcionado por la deposici\u00f3n, el resultado es que cada pieza contiene la cantidad correcta de ingrediente activo.<\/span><\/p>\n<p><span lang=\"EN-US\">La capacidad de controlar con precisi\u00f3n la tasa de adici\u00f3n es particularmente importante para el control de costos cuando es necesario sobredosificar el ingrediente activo para proporcionar una vida \u00fatil aceptable.<\/span><\/p>\n<p><img loading=\"lazy\" decoding=\"async\" class=\"alignnone size-medium wp-image-4482\" src=\"http:\/\/www.machinecooperate.com\/wp-content\/uploads\/2021\/12\/tray-300x300.jpg\" alt=\"\" width=\"300\" height=\"300\" \/><img loading=\"lazy\" decoding=\"async\" class=\"alignnone size-medium wp-image-4484\" src=\"http:\/\/www.machinecooperate.com\/wp-content\/uploads\/2021\/12\/2trays-300x300.jpg\" alt=\"\" width=\"300\" height=\"300\" \/><\/p>\n<h2><i><span lang=\"EN-US\">Preguntas y respuestas<\/span><\/i><\/h2>\n<p><span lang=\"EN-US\">Q1: no<\/span>&#039;<span lang=\"EN-US\">no tengo\u00a0<\/span><a class=\"keychainify-checked\">experiencia<\/a><span lang=\"EN-US\"> &amp; formula, can you help?<\/span><br \/>\n<span lang=\"EN-US\">-A: Yes, we are offeringa\u00a0 full scope plan from formula to product support<\/span><\/p>\n<p><span lang=\"EN-US\">P2: \u00bfPuedo hacer caramelos duros en esta m\u00e1quina?<\/span><br \/>\n<span lang=\"EN-US\">-A<\/span>\uff1a <span lang=\"EN-US\">S\u00ed, pero tambi\u00e9n caramelos de caramelo, piruletas tambi\u00e9n.<\/span><\/p>\n<p><span lang=\"EN-US\">P3: \u00bfCu\u00e1l es el voltaje y el amperaje de la m\u00e1quina?<\/span><br \/>\n<span lang=\"EN-US\">-R: Personalizamos el equipo de acuerdo con su voltaje y con diferentes voltajes, calcularemos la lista de amperios para usted.<\/span><\/p>\n<p><span lang=\"EN-US\">Q4: I want to add a pharmacy inside the candies. Does your machine have a <\/span><a class=\"keychainify-checked\">certificado<\/a><span lang=\"EN-US\"> para ayudarme a pasar los requisitos de la FDA?<\/span><br \/>\n<span lang=\"EN-US\">-A: Yes,We have CE and used all brands by UL &amp; EU listed <\/span><a class=\"keychainify-checked\">en<\/a>\u00a0<a class=\"keychainify-checked\">estricto<\/a>\u00a0<a class=\"keychainify-checked\">conformidad<\/a>\u00a0<a class=\"keychainify-checked\">con<\/a><span lang=\"EN-US\">\u00a0Est\u00e1ndar de GMP.<\/span><\/p>\n<p><span lang=\"EN-US\">Q5<\/span>\uff1a<span lang=\"EN-US\">What else do i need to prepare? Does this machine need clean compressed air?<\/span><br \/>\n<span lang=\"EN-US\">A: Considering most customers&#8217; space limitations, this machine only needs to connect the power, saving the customer money and simplifying the evolution of compressed air flow. Use a servo with simpler and smarter control; no need to connect extra systems for the machines.<\/span><\/p>\n<p><span lang=\"EN-US\">P6: \u00bfC\u00f3mo debo configurar la temperatura y el peso del caramelo?<\/span><br \/>\n<span lang=\"EN-US\">-A: By the control box and touch screen settings, to adjust.<\/span><\/p>\n<p><span lang=\"EN-US\">P7: \u00bfNecesito mover los moldes al paso de enfriamiento?<\/span><br \/>\n<span lang=\"EN-US\">-A: No, the machine is fully automatic from the depositor and cool,you only need to collect the candy and exit the machine!<\/span><\/p>\n<p><span lang=\"EN-US\">Q8: Do I need an <\/span><a class=\"keychainify-checked\">experto<\/a><span lang=\"EN-US\">\u00a0instalar la maquina?<\/span><br \/>\n<span lang=\"EN-US\">-A: Machine electrical is by <\/span><a class=\"keychainify-checked\">r\u00e1pido<\/a>\u00a0<a class=\"keychainify-checked\">acoplador<\/a><span lang=\"EN-US\">\u00a0y configuraci\u00f3n f\u00e1cil en la pantalla t\u00e1ctil como un tel\u00e9fono inteligente o si lo necesita, tenemos local\u00a0<\/span><a class=\"keychainify-checked\">tecnolog\u00eda<\/a><span lang=\"EN-US\">\u00a0El equipo de soporte puede ayudar.<\/span><\/p>\n<p><span lang=\"EN-US\">\u00bfCu\u00e1nto cuesta la l\u00ednea completa? \u00bfEs caro?<\/span><br \/>\n<span lang=\"EN-US\">-R: \u00a1Cont\u00e1ctenos ahora!<\/span><\/p>\n<p>We provide <a class=\"keychainify-checked\" href=\"http:\/\/www.machinecooperate.com\/es\/landing\/Nutrition-gummy-bear-candy-making-machine.html\/\">M\u00e1quina para hacer dulces de ositos de goma de nutrici\u00f3n<\/a>,Si est\u00e1 interesado en la m\u00e1quina para hacer golosinas de ositos de goma Nutrition, puede buscar productos relacionados e iniciar consultas en nuestro sitio web.<\/p>","protected":false},"excerpt":{"rendered":"<p><span lang=\"EN-US\">Esta m\u00e1quina es adecuada para clientes farmac\u00e9uticos o de peque\u00f1a capacidad y espacio limitado que desean una l\u00ednea autom\u00e1tica para controlar la calidad y la capacidad del producto en un mejor procesamiento.<\/span><\/p>","protected":false},"featured_media":4841,"template":"","meta":{"_et_pb_use_builder":"","_et_pb_old_content":"","_et_gb_content_width":""},"product_brand":[],"product_cat":[15],"product_tag":[],"class_list":{"0":"post-1445","1":"product","2":"type-product","3":"status-publish","4":"has-post-thumbnail","6":"product_cat-candy-production-line-rental","8":"first","9":"instock","10":"shipping-taxable","11":"product-type-simple"},"_links":{"self":[{"href":"https:\/\/www.machinecooperate.com\/es\/wp-json\/wp\/v2\/product\/1445","targetHints":{"allow":["GET"]}}],"collection":[{"href":"https:\/\/www.machinecooperate.com\/es\/wp-json\/wp\/v2\/product"}],"about":[{"href":"https:\/\/www.machinecooperate.com\/es\/wp-json\/wp\/v2\/types\/product"}],"wp:featuredmedia":[{"embeddable":true,"href":"https:\/\/www.machinecooperate.com\/es\/wp-json\/wp\/v2\/media\/4841"}],"wp:attachment":[{"href":"https:\/\/www.machinecooperate.com\/es\/wp-json\/wp\/v2\/media?parent=1445"}],"wp:term":[{"taxonomy":"product_brand","embeddable":true,"href":"https:\/\/www.machinecooperate.com\/es\/wp-json\/wp\/v2\/product_brand?post=1445"},{"taxonomy":"product_cat","embeddable":true,"href":"https:\/\/www.machinecooperate.com\/es\/wp-json\/wp\/v2\/product_cat?post=1445"},{"taxonomy":"product_tag","embeddable":true,"href":"https:\/\/www.machinecooperate.com\/es\/wp-json\/wp\/v2\/product_tag?post=1445"}],"curies":[{"name":"wp","href":"https:\/\/api.w.org\/{rel}","templated":true}]}}