{"id":1426,"date":"2021-12-22T09:47:26","date_gmt":"2021-12-22T09:47:26","guid":{"rendered":"http:\/\/jymachinetech.com\/?post_type=product&#038;p=1426"},"modified":"2024-05-20T09:24:40","modified_gmt":"2024-05-20T09:24:40","slug":"starch-mogul-tray","status":"publish","type":"product","link":"https:\/\/www.machinecooperate.com\/es\/product\/starch-mogul-tray","title":{"rendered":"Starch mogul tray Rental | starch mougle line for rent"},"content":{"rendered":"<p><strong>Bandeja magnate de almid\u00f3n ABS para caramelos gomosos<\/strong><\/p>\n<p><img loading=\"lazy\" decoding=\"async\" class=\"alignnone size-full wp-image-1427\" src=\"http:\/\/www.machinecooperate.com\/wp-content\/uploads\/2021\/12\/1623116753_Starch-mogul-tray4.png\" alt=\"ABS Starch mogul tray for gummy candy\" width=\"800\" height=\"599\" srcset=\"https:\/\/www.machinecooperate.com\/wp-content\/uploads\/2021\/12\/1623116753_Starch-mogul-tray4.png 800w, https:\/\/www.machinecooperate.com\/wp-content\/uploads\/2021\/12\/1623116753_Starch-mogul-tray4-600x449.png 600w, https:\/\/www.machinecooperate.com\/wp-content\/uploads\/2021\/12\/1623116753_Starch-mogul-tray4-300x225.png 300w, https:\/\/www.machinecooperate.com\/wp-content\/uploads\/2021\/12\/1623116753_Starch-mogul-tray4-768x575.png 768w, https:\/\/www.machinecooperate.com\/wp-content\/uploads\/2021\/12\/1623116753_Starch-mogul-tray4-660x494.png 660w, https:\/\/www.machinecooperate.com\/wp-content\/uploads\/2021\/12\/1623116753_Starch-mogul-tray4-150x112.png 150w\" sizes=\"(max-width: 800px) 100vw, 800px\" \/><\/p>\n<p><img loading=\"lazy\" decoding=\"async\" class=\"alignnone size-full wp-image-1428\" src=\"http:\/\/www.machinecooperate.com\/wp-content\/uploads\/2021\/12\/1623116817_Starch-mogul-tray3.jpg\" alt=\"ABS Starch mogul tray for gummy candy\" width=\"800\" height=\"599\" srcset=\"https:\/\/www.machinecooperate.com\/wp-content\/uploads\/2021\/12\/1623116817_Starch-mogul-tray3.jpg 800w, https:\/\/www.machinecooperate.com\/wp-content\/uploads\/2021\/12\/1623116817_Starch-mogul-tray3-600x449.jpg 600w, https:\/\/www.machinecooperate.com\/wp-content\/uploads\/2021\/12\/1623116817_Starch-mogul-tray3-300x225.jpg 300w, https:\/\/www.machinecooperate.com\/wp-content\/uploads\/2021\/12\/1623116817_Starch-mogul-tray3-768x575.jpg 768w, https:\/\/www.machinecooperate.com\/wp-content\/uploads\/2021\/12\/1623116817_Starch-mogul-tray3-660x494.jpg 660w, https:\/\/www.machinecooperate.com\/wp-content\/uploads\/2021\/12\/1623116817_Starch-mogul-tray3-150x112.jpg 150w\" sizes=\"(max-width: 800px) 100vw, 800px\" \/><\/p>\n<p><img loading=\"lazy\" decoding=\"async\" class=\"alignnone size-full wp-image-1430\" src=\"http:\/\/www.machinecooperate.com\/wp-content\/uploads\/2021\/12\/1623116882_Starch-mogul-tray2.jpg\" alt=\"ABS Starch mogul tray for gummy candy\" width=\"800\" height=\"447\" srcset=\"https:\/\/www.machinecooperate.com\/wp-content\/uploads\/2021\/12\/1623116882_Starch-mogul-tray2.jpg 800w, https:\/\/www.machinecooperate.com\/wp-content\/uploads\/2021\/12\/1623116882_Starch-mogul-tray2-600x335.jpg 600w, https:\/\/www.machinecooperate.com\/wp-content\/uploads\/2021\/12\/1623116882_Starch-mogul-tray2-300x168.jpg 300w, https:\/\/www.machinecooperate.com\/wp-content\/uploads\/2021\/12\/1623116882_Starch-mogul-tray2-768x429.jpg 768w, https:\/\/www.machinecooperate.com\/wp-content\/uploads\/2021\/12\/1623116882_Starch-mogul-tray2-660x369.jpg 660w, https:\/\/www.machinecooperate.com\/wp-content\/uploads\/2021\/12\/1623116882_Starch-mogul-tray2-150x84.jpg 150w\" sizes=\"(max-width: 800px) 100vw, 800px\" \/><\/p>\n<p><img loading=\"lazy\" decoding=\"async\" class=\"alignnone size-full wp-image-1429\" src=\"http:\/\/www.machinecooperate.com\/wp-content\/uploads\/2021\/12\/1623116873_Starch-mogul-tray1.jpg\" alt=\"ABS Starch mogul tray for gummy candy\" width=\"800\" height=\"447\" srcset=\"https:\/\/www.machinecooperate.com\/wp-content\/uploads\/2021\/12\/1623116873_Starch-mogul-tray1.jpg 800w, https:\/\/www.machinecooperate.com\/wp-content\/uploads\/2021\/12\/1623116873_Starch-mogul-tray1-600x335.jpg 600w, https:\/\/www.machinecooperate.com\/wp-content\/uploads\/2021\/12\/1623116873_Starch-mogul-tray1-300x168.jpg 300w, https:\/\/www.machinecooperate.com\/wp-content\/uploads\/2021\/12\/1623116873_Starch-mogul-tray1-768x429.jpg 768w, https:\/\/www.machinecooperate.com\/wp-content\/uploads\/2021\/12\/1623116873_Starch-mogul-tray1-660x369.jpg 660w, https:\/\/www.machinecooperate.com\/wp-content\/uploads\/2021\/12\/1623116873_Starch-mogul-tray1-150x84.jpg 150w\" sizes=\"(max-width: 800px) 100vw, 800px\" \/><\/p>\n<p><img loading=\"lazy\" decoding=\"async\" class=\"alignnone size-full wp-image-1432\" src=\"http:\/\/www.machinecooperate.com\/wp-content\/uploads\/2021\/12\/1623116892_Starch-mogul-tray5.jpg\" alt=\"ABS Starch mogul tray for gummy candy\" width=\"800\" height=\"447\" srcset=\"https:\/\/www.machinecooperate.com\/wp-content\/uploads\/2021\/12\/1623116892_Starch-mogul-tray5.jpg 800w, https:\/\/www.machinecooperate.com\/wp-content\/uploads\/2021\/12\/1623116892_Starch-mogul-tray5-600x335.jpg 600w, https:\/\/www.machinecooperate.com\/wp-content\/uploads\/2021\/12\/1623116892_Starch-mogul-tray5-300x168.jpg 300w, https:\/\/www.machinecooperate.com\/wp-content\/uploads\/2021\/12\/1623116892_Starch-mogul-tray5-768x429.jpg 768w, https:\/\/www.machinecooperate.com\/wp-content\/uploads\/2021\/12\/1623116892_Starch-mogul-tray5-660x369.jpg 660w, https:\/\/www.machinecooperate.com\/wp-content\/uploads\/2021\/12\/1623116892_Starch-mogul-tray5-150x84.jpg 150w\" sizes=\"(max-width: 800px) 100vw, 800px\" \/><\/p>\n<p>Las bandejas son extremadamente importantes. Se utilizan para transferir productos alimenticios y bebidas o cualquier otra mercanc\u00eda.<br \/>\nNormalmente usamos una bandeja de madera para transferir los dulces a la l\u00ednea de mogul de almid\u00f3n para hacer dulces gomosos. La superficie de las bandejas de madera es m\u00e1s susceptible y se rompe f\u00e1cilmente en la fabricaci\u00f3n de alimentos, y los requisitos de calificaci\u00f3n son m\u00e1s estrictos para solicitar certificados en la mayor\u00eda de los pa\u00edses.<br \/>\nEl ABS es uno de los materiales pl\u00e1sticos comunes. Es un tipo de material de pol\u00edmero termopl\u00e1stico con alta resistencia, fuerte tenacidad y f\u00e1cil procesamiento.<\/p>\n<div class=\"table-responsive\">\n<table style=\"width: 100%;\">\n<tbody>\n<tr>\n<td style=\"text-align: center;\">Tama\u00f1o<\/td>\n<td style=\"text-align: center;\">Material<\/td>\n<td style=\"text-align: center;\">Peso de la bandeja<\/td>\n<\/tr>\n<tr>\n<td>400*800*7mm<\/td>\n<td>abdominales<\/td>\n<td>3,5 kg<\/td>\n<\/tr>\n<\/tbody>\n<\/table>\n<\/div>\n<p><strong>\u00a1NO M\u00c1S MADERA!<\/strong><\/p>\n<p>\u2022 M\u00faltiples usos<br \/>\n\u2022 Superficie lisa<br \/>\n\u2022 Clasificaci\u00f3n estable<br \/>\n\u2022 Alta resistencia<br \/>\n\u2022 Ahorro de espacio<\/p>","protected":false},"excerpt":{"rendered":"<div class=\"content-style\">\n<p>Esta bandeja de transferencia es m\u00e1s adecuada para la l\u00ednea magnate de almid\u00f3n.<\/p>\n<\/div>","protected":false},"featured_media":1433,"template":"","meta":{"_et_pb_use_builder":"","_et_pb_old_content":"","_et_gb_content_width":""},"product_brand":[],"product_cat":[15],"product_tag":[],"class_list":{"0":"post-1426","1":"product","2":"type-product","3":"status-publish","4":"has-post-thumbnail","6":"product_cat-candy-production-line-rental","8":"first","9":"instock","10":"shipping-taxable","11":"product-type-simple"},"_links":{"self":[{"href":"https:\/\/www.machinecooperate.com\/es\/wp-json\/wp\/v2\/product\/1426","targetHints":{"allow":["GET"]}}],"collection":[{"href":"https:\/\/www.machinecooperate.com\/es\/wp-json\/wp\/v2\/product"}],"about":[{"href":"https:\/\/www.machinecooperate.com\/es\/wp-json\/wp\/v2\/types\/product"}],"wp:featuredmedia":[{"embeddable":true,"href":"https:\/\/www.machinecooperate.com\/es\/wp-json\/wp\/v2\/media\/1433"}],"wp:attachment":[{"href":"https:\/\/www.machinecooperate.com\/es\/wp-json\/wp\/v2\/media?parent=1426"}],"wp:term":[{"taxonomy":"product_brand","embeddable":true,"href":"https:\/\/www.machinecooperate.com\/es\/wp-json\/wp\/v2\/product_brand?post=1426"},{"taxonomy":"product_cat","embeddable":true,"href":"https:\/\/www.machinecooperate.com\/es\/wp-json\/wp\/v2\/product_cat?post=1426"},{"taxonomy":"product_tag","embeddable":true,"href":"https:\/\/www.machinecooperate.com\/es\/wp-json\/wp\/v2\/product_tag?post=1426"}],"curies":[{"name":"wp","href":"https:\/\/api.w.org\/{rel}","templated":true}]}}